{"id":1585,"date":"2025-07-31T17:49:36","date_gmt":"2025-07-31T15:49:36","guid":{"rendered":"http:\/\/localhost\/public_html\/?page_id=1585"},"modified":"2026-01-20T08:18:33","modified_gmt":"2026-01-20T07:18:33","slug":"lois-et-reglements","status":"publish","type":"page","link":"https:\/\/minisante.gov.bi\/?page_id=1585","title":{"rendered":"D\u00e9crets et Ordonnances"},"content":{"rendered":"\t\t<div data-elementor-type=\"wp-page\" data-elementor-id=\"1585\" class=\"elementor elementor-1585\">\n\t\t\t\t<div class=\"elementor-element elementor-element-0366427 e-flex e-con-boxed e-con e-parent\" data-id=\"0366427\" data-element_type=\"container\" data-e-type=\"container\" data-settings=\"{&quot;background_background&quot;:&quot;classic&quot;}\">\n\t\t\t\t\t<div class=\"e-con-inner\">\n\t\t\t\t<div class=\"elementor-element elementor-element-78323cd e-n-tabs-mobile elementor-widget elementor-widget-n-tabs\" data-id=\"78323cd\" data-element_type=\"widget\" data-e-type=\"widget\" data-widget_type=\"nested-tabs.default\">\n\t\t\t\t\t\t\t<div class=\"e-n-tabs\" data-widget-number=\"126034893\" aria-label=\"Onglets. Ouvrez des \u00e9l\u00e9ments avec Entrer ou Espace, fermez-les avec Echape et naviguez \u00e0 l&#039;aide des touches fl\u00e9ch\u00e9es.\">\n\t\t\t<div class=\"e-n-tabs-heading\" role=\"tablist\">\n\t\t\t\t\t<button id=\"e-n-tab-title-1260348931\" data-tab-title-id=\"e-n-tab-title-1260348931\" class=\"e-n-tab-title\" aria-selected=\"true\" data-tab-index=\"1\" role=\"tab\" tabindex=\"0\" aria-controls=\"e-n-tab-content-1260348931\" style=\"--n-tabs-title-order: 1;\">\n\t\t\t\t\t<span class=\"e-n-tab-icon\">\n\t\t\t<svg aria-hidden=\"true\" class=\"e-font-icon-svg e-fas-angle-double-right\" viewBox=\"0 0 448 512\" xmlns=\"http:\/\/www.w3.org\/2000\/svg\"><path d=\"M224.3 273l-136 136c-9.4 9.4-24.6 9.4-33.9 0l-22.6-22.6c-9.4-9.4-9.4-24.6 0-33.9l96.4-96.4-96.4-96.4c-9.4-9.4-9.4-24.6 0-33.9L54.3 103c9.4-9.4 24.6-9.4 33.9 0l136 136c9.5 9.4 9.5 24.6.1 34zm192-34l-136-136c-9.4-9.4-24.6-9.4-33.9 0l-22.6 22.6c-9.4 9.4-9.4 24.6 0 33.9l96.4 96.4-96.4 96.4c-9.4 9.4-9.4 24.6 0 33.9l22.6 22.6c9.4 9.4 24.6 9.4 33.9 0l136-136c9.4-9.2 9.4-24.4 0-33.8z\"><\/path><\/svg>\t\t\t<svg aria-hidden=\"true\" class=\"e-font-icon-svg e-fas-angle-double-right\" viewBox=\"0 0 448 512\" xmlns=\"http:\/\/www.w3.org\/2000\/svg\"><path d=\"M224.3 273l-136 136c-9.4 9.4-24.6 9.4-33.9 0l-22.6-22.6c-9.4-9.4-9.4-24.6 0-33.9l96.4-96.4-96.4-96.4c-9.4-9.4-9.4-24.6 0-33.9L54.3 103c9.4-9.4 24.6-9.4 33.9 0l136 136c9.5 9.4 9.5 24.6.1 34zm192-34l-136-136c-9.4-9.4-24.6-9.4-33.9 0l-22.6 22.6c-9.4 9.4-9.4 24.6 0 33.9l96.4 96.4-96.4 96.4c-9.4 9.4-9.4 24.6 0 33.9l22.6 22.6c9.4 9.4 24.6 9.4 33.9 0l136-136c9.4-9.2 9.4-24.4 0-33.8z\"><\/path><\/svg>\t\t<\/span>\n\t\t\t\t\t<span class=\"e-n-tab-title-text\">\n\t\t\t\t<span style=\"font-family: 'Calibri', sans-serif\">Lois<\/span>\t\t\t<\/span>\n\t\t<\/button>\n\t\t\t\t<button id=\"e-n-tab-title-1260348932\" data-tab-title-id=\"e-n-tab-title-1260348932\" class=\"e-n-tab-title\" aria-selected=\"false\" data-tab-index=\"2\" role=\"tab\" tabindex=\"-1\" aria-controls=\"e-n-tab-content-1260348932\" style=\"--n-tabs-title-order: 2;\">\n\t\t\t\t\t<span class=\"e-n-tab-icon\">\n\t\t\t<svg aria-hidden=\"true\" class=\"e-font-icon-svg e-fas-angle-double-right\" viewBox=\"0 0 448 512\" xmlns=\"http:\/\/www.w3.org\/2000\/svg\"><path d=\"M224.3 273l-136 136c-9.4 9.4-24.6 9.4-33.9 0l-22.6-22.6c-9.4-9.4-9.4-24.6 0-33.9l96.4-96.4-96.4-96.4c-9.4-9.4-9.4-24.6 0-33.9L54.3 103c9.4-9.4 24.6-9.4 33.9 0l136 136c9.5 9.4 9.5 24.6.1 34zm192-34l-136-136c-9.4-9.4-24.6-9.4-33.9 0l-22.6 22.6c-9.4 9.4-9.4 24.6 0 33.9l96.4 96.4-96.4 96.4c-9.4 9.4-9.4 24.6 0 33.9l22.6 22.6c9.4 9.4 24.6 9.4 33.9 0l136-136c9.4-9.2 9.4-24.4 0-33.8z\"><\/path><\/svg>\t\t\t<svg aria-hidden=\"true\" class=\"e-font-icon-svg e-fas-angle-double-right\" viewBox=\"0 0 448 512\" xmlns=\"http:\/\/www.w3.org\/2000\/svg\"><path d=\"M224.3 273l-136 136c-9.4 9.4-24.6 9.4-33.9 0l-22.6-22.6c-9.4-9.4-9.4-24.6 0-33.9l96.4-96.4-96.4-96.4c-9.4-9.4-9.4-24.6 0-33.9L54.3 103c9.4-9.4 24.6-9.4 33.9 0l136 136c9.5 9.4 9.5 24.6.1 34zm192-34l-136-136c-9.4-9.4-24.6-9.4-33.9 0l-22.6 22.6c-9.4 9.4-9.4 24.6 0 33.9l96.4 96.4-96.4 96.4c-9.4 9.4-9.4 24.6 0 33.9l22.6 22.6c9.4 9.4 24.6 9.4 33.9 0l136-136c9.4-9.2 9.4-24.4 0-33.8z\"><\/path><\/svg>\t\t<\/span>\n\t\t\t\t\t<span class=\"e-n-tab-title-text\">\n\t\t\t\t<span style=\"font-family: 'Calibri', sans-serif\">D\u00e9crets<\/span>\t\t\t<\/span>\n\t\t<\/button>\n\t\t\t\t<button id=\"e-n-tab-title-1260348933\" data-tab-title-id=\"e-n-tab-title-1260348933\" class=\"e-n-tab-title\" aria-selected=\"false\" data-tab-index=\"3\" role=\"tab\" tabindex=\"-1\" aria-controls=\"e-n-tab-content-1260348933\" style=\"--n-tabs-title-order: 3;\">\n\t\t\t\t\t<span class=\"e-n-tab-icon\">\n\t\t\t<svg aria-hidden=\"true\" class=\"e-font-icon-svg e-fas-angle-double-right\" viewBox=\"0 0 448 512\" xmlns=\"http:\/\/www.w3.org\/2000\/svg\"><path d=\"M224.3 273l-136 136c-9.4 9.4-24.6 9.4-33.9 0l-22.6-22.6c-9.4-9.4-9.4-24.6 0-33.9l96.4-96.4-96.4-96.4c-9.4-9.4-9.4-24.6 0-33.9L54.3 103c9.4-9.4 24.6-9.4 33.9 0l136 136c9.5 9.4 9.5 24.6.1 34zm192-34l-136-136c-9.4-9.4-24.6-9.4-33.9 0l-22.6 22.6c-9.4 9.4-9.4 24.6 0 33.9l96.4 96.4-96.4 96.4c-9.4 9.4-9.4 24.6 0 33.9l22.6 22.6c9.4 9.4 24.6 9.4 33.9 0l136-136c9.4-9.2 9.4-24.4 0-33.8z\"><\/path><\/svg>\t\t\t<svg aria-hidden=\"true\" class=\"e-font-icon-svg e-fas-angle-double-right\" viewBox=\"0 0 448 512\" xmlns=\"http:\/\/www.w3.org\/2000\/svg\"><path d=\"M224.3 273l-136 136c-9.4 9.4-24.6 9.4-33.9 0l-22.6-22.6c-9.4-9.4-9.4-24.6 0-33.9l96.4-96.4-96.4-96.4c-9.4-9.4-9.4-24.6 0-33.9L54.3 103c9.4-9.4 24.6-9.4 33.9 0l136 136c9.5 9.4 9.5 24.6.1 34zm192-34l-136-136c-9.4-9.4-24.6-9.4-33.9 0l-22.6 22.6c-9.4 9.4-9.4 24.6 0 33.9l96.4 96.4-96.4 96.4c-9.4 9.4-9.4 24.6 0 33.9l22.6 22.6c9.4 9.4 24.6 9.4 33.9 0l136-136c9.4-9.2 9.4-24.4 0-33.8z\"><\/path><\/svg>\t\t<\/span>\n\t\t\t\t\t<span class=\"e-n-tab-title-text\">\n\t\t\t\t<span style=\"font-family: 'Calibri', sans-serif\">Ordonnances<\/span>\t\t\t<\/span>\n\t\t<\/button>\n\t\t\t\t<button id=\"e-n-tab-title-1260348934\" data-tab-title-id=\"e-n-tab-title-1260348934\" class=\"e-n-tab-title\" aria-selected=\"false\" data-tab-index=\"4\" role=\"tab\" tabindex=\"-1\" aria-controls=\"e-n-tab-content-1260348934\" style=\"--n-tabs-title-order: 4;\">\n\t\t\t\t\t<span class=\"e-n-tab-icon\">\n\t\t\t<svg aria-hidden=\"true\" class=\"e-font-icon-svg e-fas-angle-double-right\" viewBox=\"0 0 448 512\" xmlns=\"http:\/\/www.w3.org\/2000\/svg\"><path d=\"M224.3 273l-136 136c-9.4 9.4-24.6 9.4-33.9 0l-22.6-22.6c-9.4-9.4-9.4-24.6 0-33.9l96.4-96.4-96.4-96.4c-9.4-9.4-9.4-24.6 0-33.9L54.3 103c9.4-9.4 24.6-9.4 33.9 0l136 136c9.5 9.4 9.5 24.6.1 34zm192-34l-136-136c-9.4-9.4-24.6-9.4-33.9 0l-22.6 22.6c-9.4 9.4-9.4 24.6 0 33.9l96.4 96.4-96.4 96.4c-9.4 9.4-9.4 24.6 0 33.9l22.6 22.6c9.4 9.4 24.6 9.4 33.9 0l136-136c9.4-9.2 9.4-24.4 0-33.8z\"><\/path><\/svg>\t\t\t<svg aria-hidden=\"true\" class=\"e-font-icon-svg e-fas-angle-double-right\" viewBox=\"0 0 448 512\" xmlns=\"http:\/\/www.w3.org\/2000\/svg\"><path d=\"M224.3 273l-136 136c-9.4 9.4-24.6 9.4-33.9 0l-22.6-22.6c-9.4-9.4-9.4-24.6 0-33.9l96.4-96.4-96.4-96.4c-9.4-9.4-9.4-24.6 0-33.9L54.3 103c9.4-9.4 24.6-9.4 33.9 0l136 136c9.5 9.4 9.5 24.6.1 34zm192-34l-136-136c-9.4-9.4-24.6-9.4-33.9 0l-22.6 22.6c-9.4 9.4-9.4 24.6 0 33.9l96.4 96.4-96.4 96.4c-9.4 9.4-9.4 24.6 0 33.9l22.6 22.6c9.4 9.4 24.6 9.4 33.9 0l136-136c9.4-9.2 9.4-24.4 0-33.8z\"><\/path><\/svg>\t\t<\/span>\n\t\t\t\t\t<span class=\"e-n-tab-title-text\">\n\t\t\t\t<span style=\"font-family: 'Calibri', sans-serif\">Directives\/Circulaires<\/span>\t\t\t<\/span>\n\t\t<\/button>\n\t\t\t\t<button id=\"e-n-tab-title-1260348935\" data-tab-title-id=\"e-n-tab-title-1260348935\" class=\"e-n-tab-title\" aria-selected=\"false\" data-tab-index=\"5\" role=\"tab\" tabindex=\"-1\" aria-controls=\"e-n-tab-content-1260348935\" style=\"--n-tabs-title-order: 5;\">\n\t\t\t\t\t<span class=\"e-n-tab-icon\">\n\t\t\t<svg aria-hidden=\"true\" class=\"e-font-icon-svg e-fas-angle-double-right\" viewBox=\"0 0 448 512\" xmlns=\"http:\/\/www.w3.org\/2000\/svg\"><path d=\"M224.3 273l-136 136c-9.4 9.4-24.6 9.4-33.9 0l-22.6-22.6c-9.4-9.4-9.4-24.6 0-33.9l96.4-96.4-96.4-96.4c-9.4-9.4-9.4-24.6 0-33.9L54.3 103c9.4-9.4 24.6-9.4 33.9 0l136 136c9.5 9.4 9.5 24.6.1 34zm192-34l-136-136c-9.4-9.4-24.6-9.4-33.9 0l-22.6 22.6c-9.4 9.4-9.4 24.6 0 33.9l96.4 96.4-96.4 96.4c-9.4 9.4-9.4 24.6 0 33.9l22.6 22.6c9.4 9.4 24.6 9.4 33.9 0l136-136c9.4-9.2 9.4-24.4 0-33.8z\"><\/path><\/svg>\t\t\t<svg aria-hidden=\"true\" class=\"e-font-icon-svg e-fas-angle-double-right\" viewBox=\"0 0 448 512\" xmlns=\"http:\/\/www.w3.org\/2000\/svg\"><path d=\"M224.3 273l-136 136c-9.4 9.4-24.6 9.4-33.9 0l-22.6-22.6c-9.4-9.4-9.4-24.6 0-33.9l96.4-96.4-96.4-96.4c-9.4-9.4-9.4-24.6 0-33.9L54.3 103c9.4-9.4 24.6-9.4 33.9 0l136 136c9.5 9.4 9.5 24.6.1 34zm192-34l-136-136c-9.4-9.4-24.6-9.4-33.9 0l-22.6 22.6c-9.4 9.4-9.4 24.6 0 33.9l96.4 96.4-96.4 96.4c-9.4 9.4-9.4 24.6 0 33.9l22.6 22.6c9.4 9.4 24.6 9.4 33.9 0l136-136c9.4-9.2 9.4-24.4 0-33.8z\"><\/path><\/svg>\t\t<\/span>\n\t\t\t\t\t<span class=\"e-n-tab-title-text\">\n\t\t\t\t<span style=\"font-family: 'Calibri', sans-serif\">Documents Types d'Appels d'Offres(DTAO)<\/span>\t\t\t<\/span>\n\t\t<\/button>\n\t\t\t\t\t<\/div>\n\t\t\t<div class=\"e-n-tabs-content\">\n\t\t\t\t<div id=\"e-n-tab-content-1260348931\" role=\"tabpanel\" aria-labelledby=\"e-n-tab-title-1260348931\" data-tab-index=\"1\" style=\"--n-tabs-title-order: 1;\" class=\"e-active elementor-element elementor-element-283bbc6 e-flex e-con-boxed e-con e-child\" data-id=\"283bbc6\" data-element_type=\"container\" data-e-type=\"container\">\n\t\t\t\t\t<div class=\"e-con-inner\">\n\t\t\t\t\t<\/div>\n\t\t\t\t<\/div>\n\t\t<div id=\"e-n-tab-content-1260348932\" role=\"tabpanel\" aria-labelledby=\"e-n-tab-title-1260348932\" data-tab-index=\"2\" style=\"--n-tabs-title-order: 2;\" class=\" elementor-element elementor-element-ae6df9a e-con-full e-flex e-con e-child\" data-id=\"ae6df9a\" data-element_type=\"container\" data-e-type=\"container\">\n\t\t\t\t<div class=\"elementor-element elementor-element-7c4abb5 elementor-widget elementor-widget-text-editor\" data-id=\"7c4abb5\" data-element_type=\"widget\" data-e-type=\"widget\" data-widget_type=\"text-editor.default\">\n\t\t\t\t\t\t\t\t\t<ul class=\"mmm-easy\"><li><a href=\"https:\/\/minisante.gov.bi\/wp-content\/uploads\/decrets\/DECRET DU 10 OCTOBRE 2025 PORTANT NOMINATION D\u2019UN SECRETAIRE PERMANENT ET D\u2019UN ASSISTANT DU MINISTRE AU MINISTERE DE LA SANTE PUBLIQUE.pdf\"target=\"_blank\"><span class=\"filename\">DECRET DU 10 OCTOBRE 2025 PORTANT NOMINATION D\u2019UN SECRETAIRE PERMANENT ET D\u2019UN ASSISTANT DU MINISTRE AU MINISTERE DE LA SANTE PUBLIQUE.pdf<\/span><span class=\\\"filesize\\\"> (319.11 Kb)<\/span><\/a><\/li><li><a href=\"https:\/\/minisante.gov.bi\/wp-content\/uploads\/decrets\/DECRET DU 18 SEPTEMBRE 2025 PORTANT MISSIONS, ORGANISATION ET FONCTIONNEMENT DU MINISTERE DE LA SANTE PUBLIQUE.pdf\"target=\"_blank\"><span class=\"filename\">DECRET DU 18 SEPTEMBRE 2025 PORTANT MISSIONS, ORGANISATION ET FONCTIONNEMENT DU MINISTERE DE LA SANTE PUBLIQUE.pdf<\/span><span class=\\\"filesize\\\"> (5.5 Mb)<\/span><\/a><\/li><\/ul>\t\t\t\t\t\t\t\t<\/div>\n\t\t\t\t<\/div>\n\t\t<div id=\"e-n-tab-content-1260348933\" role=\"tabpanel\" aria-labelledby=\"e-n-tab-title-1260348933\" data-tab-index=\"3\" style=\"--n-tabs-title-order: 3;\" class=\" elementor-element elementor-element-ea3e067 e-con-full e-flex e-con e-child\" data-id=\"ea3e067\" data-element_type=\"container\" data-e-type=\"container\">\n\t\t\t\t<div class=\"elementor-element elementor-element-90ff10e elementor-widget elementor-widget-text-editor\" data-id=\"90ff10e\" data-element_type=\"widget\" data-e-type=\"widget\" data-widget_type=\"text-editor.default\">\n\t\t\t\t\t\t\t\t\t<ul class=\"mmm-easy\"><li><a href=\"https:\/\/minisante.gov.bi\/wp-content\/uploads\/ordonnance\/ORDONDANCE NOMINATION DIRECTEURS DES PROGRAMMES ET CELLULES  JANVIER 2026.pdf\"target=\"_blank\"><span class=\"filename\">ORDONDANCE NOMINATION DIRECTEURS DES PROGRAMMES ET CELLULES  JANVIER 2026.pdf<\/span><span class=\\\"filesize\\\"> (729.1 Kb)<\/span><\/a><\/li><li><a href=\"https:\/\/minisante.gov.bi\/wp-content\/uploads\/ordonnance\/ORDONNANCE BPS BUHUMUZA.pdf\"target=\"_blank\"><span class=\"filename\">ORDONNANCE BPS BUHUMUZA.pdf<\/span><span class=\\\"filesize\\\"> (534.14 Kb)<\/span><\/a><\/li><li><a href=\"https:\/\/minisante.gov.bi\/wp-content\/uploads\/ordonnance\/ORDONNANCE BPS BUJUMBURA.pdf\"target=\"_blank\"><span class=\"filename\">ORDONNANCE BPS BUJUMBURA.pdf<\/span><span class=\\\"filesize\\\"> (542.49 Kb)<\/span><\/a><\/li><li><a href=\"https:\/\/minisante.gov.bi\/wp-content\/uploads\/ordonnance\/ORDONNANCE BPS BURUNGA.pdf\"target=\"_blank\"><span class=\"filename\">ORDONNANCE BPS BURUNGA.pdf<\/span><span class=\\\"filesize\\\"> (534.77 Kb)<\/span><\/a><\/li><li><a href=\"https:\/\/minisante.gov.bi\/wp-content\/uploads\/ordonnance\/ORDONNANCE BPS BUTANYERERA.pdf\"target=\"_blank\"><span class=\"filename\">ORDONNANCE BPS BUTANYERERA.pdf<\/span><span class=\\\"filesize\\\"> (538.22 Kb)<\/span><\/a><\/li><li><a href=\"https:\/\/minisante.gov.bi\/wp-content\/uploads\/ordonnance\/ORDONNANCE BPS GITEGA.pdf\"target=\"_blank\"><span class=\"filename\">ORDONNANCE BPS GITEGA.pdf<\/span><span class=\\\"filesize\\\"> (546.57 Kb)<\/span><\/a><\/li><li><a href=\"https:\/\/minisante.gov.bi\/wp-content\/uploads\/ordonnance\/Ordonnance Cr\u00e9ation &#038; D\u00e9limitation des Districts Sanitaires_2026.pdf\"target=\"_blank\"><span class=\"filename\">Ordonnance Cr\u00e9ation &#038; D\u00e9limitation des Districts Sanitaires_2026.pdf<\/span><span class=\\\"filesize\\\"> (7.49 Mb)<\/span><\/a><\/li><li><a href=\"https:\/\/minisante.gov.bi\/wp-content\/uploads\/ordonnance\/Ordonnance ministerielle conjointe 630 540 134 du 29 01 2024 portant fixation des tarifs et redevances pour les services offerts sur les meicaments et les autres produits de sante.pdf\"target=\"_blank\"><span class=\"filename\">Ordonnance ministerielle conjointe 630 540 134 du 29 01 2024 portant fixation des tarifs et redevances pour les services offerts sur les meicaments et les autres produits de sante.pdf<\/span><span class=\\\"filesize\\\"> (559.39 Kb)<\/span><\/a><\/li><li><a href=\"https:\/\/minisante.gov.bi\/wp-content\/uploads\/ordonnance\/Ordonnance ministerielle n 630 991 du 09 08 2023 portant mode et conditions d homologation des medicaments \u0430 usage huamain et des autres intrants de sante au Burundi.pdf\"target=\"_blank\"><span class=\"filename\">Ordonnance ministerielle n 630 991 du 09 08 2023 portant mode et conditions d homologation des medicaments \u0430 usage huamain et des autres intrants de sante au Burundi.pdf<\/span><span class=\\\"filesize\\\"> (638.48 Kb)<\/span><\/a><\/li><li><a href=\"https:\/\/minisante.gov.bi\/wp-content\/uploads\/ordonnance\/Ordonnance minist\u00e9rielle conjointe 630 540 134 du 29 01 2024 portant fixation des tarifs et redevances pour les services offerts sur les m\u00e9dicaments et les autres produits de sant\u00e9 par l\u2019ABREMA.pdf\"target=\"_blank\"><span class=\"filename\">Ordonnance minist\u00e9rielle conjointe 630 540 134 du 29 01 2024 portant fixation des tarifs et redevances pour les services offerts sur les m\u00e9dicaments et les autres produits de sant\u00e9 par l\u2019ABREMA.pdf<\/span><span class=\\\"filesize\\\"> (559.39 Kb)<\/span><\/a><\/li><li><a href=\"https:\/\/minisante.gov.bi\/wp-content\/uploads\/ordonnance\/Ordonnance minist\u00e9rielle n\u00b0630 991 du 09 08 2023 portant mode et conditions d\u2019homologation des m\u00e9dicaments \u00e0 usage huamain et des autres intrants de sant\u00e9 au Burundi.pdf\"target=\"_blank\"><span class=\"filename\">Ordonnance minist\u00e9rielle n\u00b0630 991 du 09 08 2023 portant mode et conditions d\u2019homologation des m\u00e9dicaments \u00e0 usage huamain et des autres intrants de sant\u00e9 au Burundi.pdf<\/span><span class=\\\"filesize\\\"> (638.48 Kb)<\/span><\/a><\/li><\/ul>\t\t\t\t\t\t\t\t<\/div>\n\t\t\t\t<\/div>\n\t\t<div id=\"e-n-tab-content-1260348934\" role=\"tabpanel\" aria-labelledby=\"e-n-tab-title-1260348934\" data-tab-index=\"4\" style=\"--n-tabs-title-order: 4;\" class=\" elementor-element elementor-element-a1b03fc e-con-full e-flex e-con e-child\" data-id=\"a1b03fc\" data-element_type=\"container\" data-e-type=\"container\">\n\t\t\t\t<\/div>\n\t\t<div id=\"e-n-tab-content-1260348935\" role=\"tabpanel\" aria-labelledby=\"e-n-tab-title-1260348935\" data-tab-index=\"5\" style=\"--n-tabs-title-order: 5;\" class=\" elementor-element elementor-element-cad0849 e-flex e-con-boxed e-con e-child\" data-id=\"cad0849\" data-element_type=\"container\" data-e-type=\"container\">\n\t\t\t\t\t<div class=\"e-con-inner\">\n\t\t\t\t\t<\/div>\n\t\t\t\t<\/div>\n\t\t\t\t\t<\/div>\n\t\t<\/div>\n\t\t\t\t\t\t<\/div>\n\t\t\t\t\t<\/div>\n\t\t\t\t<\/div>\n\t\t\t\t<\/div>\n\t\t","protected":false},"excerpt":{"rendered":"<p>Lois D\u00e9crets Ordonnances Directives\/Circulaires Documents Types d&rsquo;Appels d&rsquo;Offres(DTAO) DECRET DU 10 OCTOBRE 2025 PORTANT NOMINATION D\u2019UN SECRETAIRE PERMANENT ET D\u2019UN ASSISTANT DU MINISTRE AU MINISTERE DE LA SANTE PUBLIQUE.pdf (319.11 Kb) DECRET DU 18 SEPTEMBRE 2025 PORTANT MISSIONS, ORGANISATION ET FONCTIONNEMENT DU MINISTERE DE LA SANTE PUBLIQUE.pdf (5.5 Mb) ORDONDANCE NOMINATION DIRECTEURS DES PROGRAMMES ET [&hellip;]<\/p>\n","protected":false},"author":4,"featured_media":0,"parent":73,"menu_order":0,"comment_status":"closed","ping_status":"closed","template":"","meta":{"site-sidebar-layout":"right-sidebar","site-content-layout":"","ast-site-content-layout":"normal-width-container","site-content-style":"default","site-sidebar-style":"default","ast-global-header-display":"","ast-banner-title-visibility":"","ast-main-header-display":"","ast-hfb-above-header-display":"","ast-hfb-below-header-display":"","ast-hfb-mobile-header-display":"","site-post-title":"","ast-breadcrumbs-content":"","ast-featured-img":"disabled","footer-sml-layout":"","ast-disable-related-posts":"","theme-transparent-header-meta":"default","adv-header-id-meta":"","stick-header-meta":"","header-above-stick-meta":"","header-main-stick-meta":"","header-below-stick-meta":"","astra-migrate-meta-layouts":"set","ast-page-background-enabled":"default","ast-page-background-meta":{"desktop":{"background-color":"var(--ast-global-color-5)","background-image":"","background-repeat":"repeat","background-position":"center center","background-size":"auto","background-attachment":"scroll","background-type":"","background-media":"","overlay-type":"","overlay-color":"","overlay-opacity":"","overlay-gradient":""},"tablet":{"background-color":"","background-image":"","background-repeat":"repeat","background-position":"center center","background-size":"auto","background-attachment":"scroll","background-type":"","background-media":"","overlay-type":"","overlay-color":"","overlay-opacity":"","overlay-gradient":""},"mobile":{"background-color":"","background-image":"","background-repeat":"repeat","background-position":"center center","background-size":"auto","background-attachment":"scroll","background-type":"","background-media":"","overlay-type":"","overlay-color":"","overlay-opacity":"","overlay-gradient":""}},"ast-content-background-meta":{"desktop":{"background-color":"var(--ast-global-color-4)","background-image":"","background-repeat":"repeat","background-position":"center center","background-size":"auto","background-attachment":"scroll","background-type":"","background-media":"","overlay-type":"","overlay-color":"","overlay-opacity":"","overlay-gradient":""},"tablet":{"background-color":"var(--ast-global-color-4)","background-image":"","background-repeat":"repeat","background-position":"center center","background-size":"auto","background-attachment":"scroll","background-type":"","background-media":"","overlay-type":"","overlay-color":"","overlay-opacity":"","overlay-gradient":""},"mobile":{"background-color":"var(--ast-global-color-4)","background-image":"","background-repeat":"repeat","background-position":"center center","background-size":"auto","background-attachment":"scroll","background-type":"","background-media":"","overlay-type":"","overlay-color":"","overlay-opacity":"","overlay-gradient":""}},"footnotes":""},"class_list":["post-1585","page","type-page","status-publish","hentry"],"_links":{"self":[{"href":"https:\/\/minisante.gov.bi\/index.php?rest_route=\/wp\/v2\/pages\/1585","targetHints":{"allow":["GET"]}}],"collection":[{"href":"https:\/\/minisante.gov.bi\/index.php?rest_route=\/wp\/v2\/pages"}],"about":[{"href":"https:\/\/minisante.gov.bi\/index.php?rest_route=\/wp\/v2\/types\/page"}],"author":[{"embeddable":true,"href":"https:\/\/minisante.gov.bi\/index.php?rest_route=\/wp\/v2\/users\/4"}],"replies":[{"embeddable":true,"href":"https:\/\/minisante.gov.bi\/index.php?rest_route=%2Fwp%2Fv2%2Fcomments&post=1585"}],"version-history":[{"count":106,"href":"https:\/\/minisante.gov.bi\/index.php?rest_route=\/wp\/v2\/pages\/1585\/revisions"}],"predecessor-version":[{"id":6589,"href":"https:\/\/minisante.gov.bi\/index.php?rest_route=\/wp\/v2\/pages\/1585\/revisions\/6589"}],"up":[{"embeddable":true,"href":"https:\/\/minisante.gov.bi\/index.php?rest_route=\/wp\/v2\/pages\/73"}],"wp:attachment":[{"href":"https:\/\/minisante.gov.bi\/index.php?rest_route=%2Fwp%2Fv2%2Fmedia&parent=1585"}],"curies":[{"name":"wp","href":"https:\/\/api.w.org\/{rel}","templated":true}]}}