{"id":1664,"date":"2025-07-31T19:52:32","date_gmt":"2025-07-31T17:52:32","guid":{"rendered":"http:\/\/localhost\/public_html\/?page_id=1664"},"modified":"2026-01-20T08:28:43","modified_gmt":"2026-01-20T07:28:43","slug":"a-propos","status":"publish","type":"page","link":"https:\/\/minisante.gov.bi\/?page_id=1664","title":{"rendered":"A propos"},"content":{"rendered":"\t\t<div data-elementor-type=\"wp-page\" data-elementor-id=\"1664\" class=\"elementor elementor-1664\">\n\t\t\t\t<div class=\"elementor-element elementor-element-f8ff93f e-flex e-con-boxed e-con e-parent\" data-id=\"f8ff93f\" data-element_type=\"container\" data-e-type=\"container\">\n\t\t\t\t\t<div class=\"e-con-inner\">\n\t\t\t\t<div class=\"elementor-element elementor-element-781ea6c e-n-tabs-mobile elementor-widget elementor-widget-n-tabs\" data-id=\"781ea6c\" data-element_type=\"widget\" data-e-type=\"widget\" data-settings=\"{&quot;horizontal_scroll&quot;:&quot;disable&quot;}\" data-widget_type=\"nested-tabs.default\">\n\t\t\t\t\t\t\t<div class=\"e-n-tabs\" data-widget-number=\"125954668\" aria-label=\"Onglets. Ouvrez des \u00e9l\u00e9ments avec Entrer ou Espace, fermez-les avec Echape et naviguez \u00e0 l&#039;aide des touches fl\u00e9ch\u00e9es.\">\n\t\t\t<div class=\"e-n-tabs-heading\" role=\"tablist\">\n\t\t\t\t\t<button id=\"mission-id-css\" data-tab-title-id=\"e-n-tab-title-1259546681\" class=\"e-n-tab-title\" aria-selected=\"true\" data-tab-index=\"1\" role=\"tab\" tabindex=\"0\" aria-controls=\"e-n-tab-content-1259546681\" style=\"--n-tabs-title-order: 1;\">\n\t\t\t\t\t<span class=\"e-n-tab-icon\">\n\t\t\t<svg aria-hidden=\"true\" class=\"e-font-icon-svg e-fas-book\" viewBox=\"0 0 448 512\" xmlns=\"http:\/\/www.w3.org\/2000\/svg\"><path d=\"M448 360V24c0-13.3-10.7-24-24-24H96C43 0 0 43 0 96v320c0 53 43 96 96 96h328c13.3 0 24-10.7 24-24v-16c0-7.5-3.5-14.3-8.9-18.7-4.2-15.4-4.2-59.3 0-74.7 5.4-4.3 8.9-11.1 8.9-18.6zM128 134c0-3.3 2.7-6 6-6h212c3.3 0 6 2.7 6 6v20c0 3.3-2.7 6-6 6H134c-3.3 0-6-2.7-6-6v-20zm0 64c0-3.3 2.7-6 6-6h212c3.3 0 6 2.7 6 6v20c0 3.3-2.7 6-6 6H134c-3.3 0-6-2.7-6-6v-20zm253.4 250H96c-17.7 0-32-14.3-32-32 0-17.6 14.4-32 32-32h285.4c-1.9 17.1-1.9 46.9 0 64z\"><\/path><\/svg>\t\t\t<svg aria-hidden=\"true\" class=\"e-font-icon-svg e-fas-book\" viewBox=\"0 0 448 512\" xmlns=\"http:\/\/www.w3.org\/2000\/svg\"><path d=\"M448 360V24c0-13.3-10.7-24-24-24H96C43 0 0 43 0 96v320c0 53 43 96 96 96h328c13.3 0 24-10.7 24-24v-16c0-7.5-3.5-14.3-8.9-18.7-4.2-15.4-4.2-59.3 0-74.7 5.4-4.3 8.9-11.1 8.9-18.6zM128 134c0-3.3 2.7-6 6-6h212c3.3 0 6 2.7 6 6v20c0 3.3-2.7 6-6 6H134c-3.3 0-6-2.7-6-6v-20zm0 64c0-3.3 2.7-6 6-6h212c3.3 0 6 2.7 6 6v20c0 3.3-2.7 6-6 6H134c-3.3 0-6-2.7-6-6v-20zm253.4 250H96c-17.7 0-32-14.3-32-32 0-17.6 14.4-32 32-32h285.4c-1.9 17.1-1.9 46.9 0 64z\"><\/path><\/svg>\t\t<\/span>\n\t\t\t\t\t<span class=\"e-n-tab-title-text\">\n\t\t\t\t<span style=\"font-family: 'Calibri', sans-serif\"> Qui sommes nous ?   <\/span>\t\t\t<\/span>\n\t\t<\/button>\n\t\t\t\t<button id=\"e-n-tab-title-1259546682\" data-tab-title-id=\"e-n-tab-title-1259546682\" class=\"e-n-tab-title\" aria-selected=\"false\" data-tab-index=\"2\" role=\"tab\" tabindex=\"-1\" aria-controls=\"e-n-tab-content-1259546682\" style=\"--n-tabs-title-order: 2;\">\n\t\t\t\t\t<span class=\"e-n-tab-icon\">\n\t\t\t<svg aria-hidden=\"true\" class=\"e-font-icon-svg e-fas-store-alt\" viewBox=\"0 0 640 512\" xmlns=\"http:\/\/www.w3.org\/2000\/svg\"><path d=\"M320 384H128V224H64v256c0 17.7 14.3 32 32 32h256c17.7 0 32-14.3 32-32V224h-64v160zm314.6-241.8l-85.3-128c-6-8.9-16-14.2-26.7-14.2H117.4c-10.7 0-20.7 5.3-26.6 14.2l-85.3 128c-14.2 21.3 1 49.8 26.6 49.8H608c25.5 0 40.7-28.5 26.6-49.8zM512 496c0 8.8 7.2 16 16 16h32c8.8 0 16-7.2 16-16V224h-64v272z\"><\/path><\/svg>\t\t\t<svg aria-hidden=\"true\" class=\"e-font-icon-svg e-fas-store-alt\" viewBox=\"0 0 640 512\" xmlns=\"http:\/\/www.w3.org\/2000\/svg\"><path d=\"M320 384H128V224H64v256c0 17.7 14.3 32 32 32h256c17.7 0 32-14.3 32-32V224h-64v160zm314.6-241.8l-85.3-128c-6-8.9-16-14.2-26.7-14.2H117.4c-10.7 0-20.7 5.3-26.6 14.2l-85.3 128c-14.2 21.3 1 49.8 26.6 49.8H608c25.5 0 40.7-28.5 26.6-49.8zM512 496c0 8.8 7.2 16 16 16h32c8.8 0 16-7.2 16-16V224h-64v272z\"><\/path><\/svg>\t\t<\/span>\n\t\t\t\t\t<span class=\"e-n-tab-title-text\">\n\t\t\t\t<span> Organisation <\/span>\t\t\t<\/span>\n\t\t<\/button>\n\t\t\t\t\t<\/div>\n\t\t\t<div class=\"e-n-tabs-content\">\n\t\t\t\t<div id=\"e-n-tab-content-1259546681 mission-id-css\" role=\"tabpanel\" aria-labelledby=\"mission-id-css\" data-tab-index=\"1\" style=\"--n-tabs-title-order: 1;\" class=\"e-active elementor-element elementor-element-9038b47 e-flex e-con-boxed e-con e-child\" data-id=\"9038b47\" data-element_type=\"container\" data-e-type=\"container\">\n\t\t\t\t\t<div class=\"e-con-inner\">\n\t\t<div class=\"elementor-element elementor-element-6c98094 e-con-full e-flex e-con e-child\" data-id=\"6c98094\" data-element_type=\"container\" data-e-type=\"container\">\n\t\t\t\t<div class=\"elementor-element elementor-element-8e16b77 elementor-widget elementor-widget-heading\" data-id=\"8e16b77\" data-element_type=\"widget\" data-e-type=\"widget\" data-widget_type=\"heading.default\">\n\t\t\t\t\t<h2 class=\"elementor-heading-title elementor-size-default\"><span> Mission <\/span><\/h2>\t\t\t\t<\/div>\n\t\t\t\t<div class=\"elementor-element elementor-element-866a32c elementor-widget elementor-widget-text-editor\" data-id=\"866a32c\" data-element_type=\"widget\" data-e-type=\"widget\" data-widget_type=\"text-editor.default\">\n\t\t\t\t\t\t\t\t\t<p><span style=\"font-family: 'Calibri', sans-serif;\">Le Minist\u00e8re de la Sant\u00e9 Publique a pour mission d&rsquo;\u00e9laborer et mettre en \u0153uvre la politique nationale de sant\u00e9 publique en coordonnant ses antennes provinciales, en assurant la disponibilit\u00e9 des soins et m\u00e9dicaments de qualit\u00e9, en luttant contre les pand\u00e9mies et le VIH\/SIDA, et en promouvant l&rsquo;assurance maladie universelle pour am\u00e9liorer la sant\u00e9 de toute la population burundaise.<\/span><\/p>\t\t\t\t\t\t\t\t<\/div>\n\t\t\t\t<\/div>\n\t\t<div class=\"elementor-element elementor-element-ea266dc e-con-full e-flex e-con e-child\" data-id=\"ea266dc\" data-element_type=\"container\" data-e-type=\"container\">\n\t\t\t\t<div class=\"elementor-element elementor-element-00ca9dd elementor-widget elementor-widget-heading\" data-id=\"00ca9dd\" data-element_type=\"widget\" data-e-type=\"widget\" data-widget_type=\"heading.default\">\n\t\t\t\t\t<h2 class=\"elementor-heading-title elementor-size-default\"><span style=\"font-family: 'Calibri', sans-serif\">Vision <\/span><\/h2>\t\t\t\t<\/div>\n\t\t\t\t<div class=\"elementor-element elementor-element-78c0bcd elementor-widget elementor-widget-text-editor\" data-id=\"78c0bcd\" data-element_type=\"widget\" data-e-type=\"widget\" data-widget_type=\"text-editor.default\">\n\t\t\t\t\t\t\t\t\t<span style=\"font-family: 'Calibri', sans-serif;\">La vision de la politique et strat\u00e9gie sectorielle sant\u00e9 2023-2027 du Burundi tire sa substance de l\u2019agenda 2040 et 2060 du plan national de D\u00e9veloppement qui est en lien avec les objectifs du D\u00e9veloppement Durable. Cette vision s\u2019intitule \u00ab d&rsquo;ici 2027, la population burundaise a un meilleur \u00e9tat de sant\u00e9 \u00e0 travers un syst\u00e8me de sant\u00e9, performant et r\u00e9silient favorisant un d\u00e9veloppement durable et int\u00e9gral du pays \u00bb<\/span>\t\t\t\t\t\t\t\t<\/div>\n\t\t<div class=\"elementor-element elementor-element-fe0d06f e-con-full e-flex e-con e-child\" data-id=\"fe0d06f\" data-element_type=\"container\" data-e-type=\"container\">\n\t\t<div class=\"elementor-element elementor-element-b0087a4 e-con-full e-flex e-con e-child\" data-id=\"b0087a4\" data-element_type=\"container\" data-e-type=\"container\">\n\t\t\t\t<div class=\"elementor-element elementor-element-c5989ed elementor-widget elementor-widget-heading\" data-id=\"c5989ed\" data-element_type=\"widget\" data-e-type=\"widget\" data-widget_type=\"heading.default\">\n\t\t\t\t\t<h2 class=\"elementor-heading-title elementor-size-default\"><span style=\"font-family: 'Calibri', sans-serif\">Valeur <\/span><\/h2>\t\t\t\t<\/div>\n\t\t\t\t<div class=\"elementor-element elementor-element-270bed8 elementor-widget elementor-widget-text-editor\" data-id=\"270bed8\" data-element_type=\"widget\" data-e-type=\"widget\" data-widget_type=\"text-editor.default\">\n\t\t\t\t\t\t\t\t\t<ul style=\"font-family: 'Calibri', sans-serif;\"><li>Solidarit\u00e9<\/li><li>\u00c9galit\u00e9<\/li><li>\u00c9quit\u00e9<\/li><li>Justice sociale<\/li><li>Int\u00e9grit\u00e9 et \u00e9thique<\/li><li>Respect des droits humains et de l\u2019\u00e9galit\u00e9 du genre<\/li><\/ul>\t\t\t\t\t\t\t\t<\/div>\n\t\t\t\t<\/div>\n\t\t<div class=\"elementor-element elementor-element-37db4b4 e-con-full e-flex e-con e-child\" data-id=\"37db4b4\" data-element_type=\"container\" data-e-type=\"container\">\n\t\t\t\t<div class=\"elementor-element elementor-element-fbebe45 elementor-widget elementor-widget-heading\" data-id=\"fbebe45\" data-element_type=\"widget\" data-e-type=\"widget\" data-widget_type=\"heading.default\">\n\t\t\t\t\t<h2 class=\"elementor-heading-title elementor-size-default\"><span style=\"font-family: 'Calibri', sans-serif\">Slogan<\/span><\/h2>\t\t\t\t<\/div>\n\t\t\t\t<div class=\"elementor-element elementor-element-abe04af elementor-widget elementor-widget-text-editor\" data-id=\"abe04af\" data-element_type=\"widget\" data-e-type=\"widget\" data-widget_type=\"text-editor.default\">\n\t\t\t\t\t\t\t\t\t<p><span style=\"font-family: 'Calibri', sans-serif;\">Vive la sant\u00e9 pour tous<\/span><\/p>\t\t\t\t\t\t\t\t<\/div>\n\t\t\t\t<\/div>\n\t\t\t\t<\/div>\n\t\t\t\t<\/div>\n\t\t\t\t\t<\/div>\n\t\t\t\t<\/div>\n\t\t<div id=\"e-n-tab-content-1259546682\" role=\"tabpanel\" aria-labelledby=\"e-n-tab-title-1259546682\" data-tab-index=\"2\" style=\"--n-tabs-title-order: 2;\" class=\" elementor-element elementor-element-d0ed243 e-con-full e-flex e-con e-child\" data-id=\"d0ed243\" data-element_type=\"container\" data-e-type=\"container\">\n\t\t\t\t<div class=\"elementor-element elementor-element-de833e9 elementor-widget elementor-widget-heading\" data-id=\"de833e9\" data-element_type=\"widget\" data-e-type=\"widget\" data-widget_type=\"heading.default\">\n\t\t\t\t\t<h2 class=\"elementor-heading-title elementor-size-default\"><span>Organisation du syst\u00e8me sanitaire  <\/span><\/h2>\t\t\t\t<\/div>\n\t\t<div class=\"elementor-element elementor-element-6ea0410 e-flex e-con-boxed e-con e-child\" data-id=\"6ea0410\" data-element_type=\"container\" data-e-type=\"container\">\n\t\t\t\t\t<div class=\"e-con-inner\">\n\t\t\t\t<div class=\"elementor-element elementor-element-06965e9 elementor-widget elementor-widget-text-editor\" data-id=\"06965e9\" data-element_type=\"widget\" data-e-type=\"widget\" data-widget_type=\"text-editor.default\">\n\t\t\t\t\t\t\t\t\t<span style=\"font-family: 'Calibri', sans-serif;\">Le syst\u00e8me de sant\u00e9 du Burundi est organis\u00e9 sous forme pyramidale et s\u2019articule sur 4 niveaux :<\/span>\t\t\t\t\t\t\t\t<\/div>\n\t\t\t\t\t<\/div>\n\t\t\t\t<\/div>\n\t\t\t\t<div class=\"elementor-element elementor-element-8cebb85 elementor-position-inline-start elementor-view-default elementor-mobile-position-block-start elementor-widget elementor-widget-icon-box\" data-id=\"8cebb85\" data-element_type=\"widget\" data-e-type=\"widget\" data-widget_type=\"icon-box.default\">\n\t\t\t\t\t\t\t<div class=\"elementor-icon-box-wrapper\">\n\n\t\t\t\t\t\t<div class=\"elementor-icon-box-icon\">\n\t\t\t\t<span  class=\"elementor-icon\">\n\t\t\t\t<svg aria-hidden=\"true\" class=\"e-font-icon-svg e-fas-compress-arrows-alt\" viewBox=\"0 0 512 512\" xmlns=\"http:\/\/www.w3.org\/2000\/svg\"><path d=\"M200 288H88c-21.4 0-32.1 25.8-17 41l32.9 31-99.2 99.3c-6.2 6.2-6.2 16.4 0 22.6l25.4 25.4c6.2 6.2 16.4 6.2 22.6 0L152 408l31.1 33c15.1 15.1 40.9 4.4 40.9-17V312c0-13.3-10.7-24-24-24zm112-64h112c21.4 0 32.1-25.9 17-41l-33-31 99.3-99.3c6.2-6.2 6.2-16.4 0-22.6L481.9 4.7c-6.2-6.2-16.4-6.2-22.6 0L360 104l-31.1-33C313.8 55.9 288 66.6 288 88v112c0 13.3 10.7 24 24 24zm96 136l33-31.1c15.1-15.1 4.4-40.9-17-40.9H312c-13.3 0-24 10.7-24 24v112c0 21.4 25.9 32.1 41 17l31-32.9 99.3 99.3c6.2 6.2 16.4 6.2 22.6 0l25.4-25.4c6.2-6.2 6.2-16.4 0-22.6L408 360zM183 71.1L152 104 52.7 4.7c-6.2-6.2-16.4-6.2-22.6 0L4.7 30.1c-6.2 6.2-6.2 16.4 0 22.6L104 152l-33 31.1C55.9 198.2 66.6 224 88 224h112c13.3 0 24-10.7 24-24V88c0-21.3-25.9-32-41-16.9z\"><\/path><\/svg>\t\t\t\t<\/span>\n\t\t\t<\/div>\n\t\t\t\n\t\t\t\t\t\t<div class=\"elementor-icon-box-content\">\n\n\t\t\t\t\t\t\t\t\t<h3 class=\"elementor-icon-box-title\">\n\t\t\t\t\t\t<span  >\n\t\t\t\t\t\t\t<span style=\"font-family: 'Calibri', sans-serif\">Le niveau central :<\/span>\t\t\t\t\t\t<\/span>\n\t\t\t\t\t<\/h3>\n\t\t\t\t\n\t\t\t\t\t\t\t\t\t<p class=\"elementor-icon-box-description\">\n\t\t\t\t\t\t<span style=\"font-family: 'Calibri', sans-serif\"> \u00a0Le niveau central comprend le Cabinet du Ministre, le Secr\u00e9tariat Permanent, le Secr\u00e9tariat Ex\u00e9cutif Permanent du Conseil National de Lutte contre le SIDA, l\u2019Inspection G\u00e9n\u00e9rale de la Sant\u00e9 Publique et de la Lutte contre le Sida, quatre Directions G\u00e9n\u00e9rales centrales (Services de Sant\u00e9, Ressources, Planification et Offre des soins). En outre, il comprend aussi 4 Directions G\u00e9n\u00e9rales \u00e0 gestion personnalis\u00e9es, les programmes nationaux int\u00e9gr\u00e9s de sant\u00e9, les administrations personnalis\u00e9es de l\u2019\u00c9tat, les d\u00e9partements et les h\u00f4pitaux nationaux.<\/span>\t\t\t\t\t<\/p>\n\t\t\t\t\n\t\t\t<\/div>\n\t\t\t\n\t\t<\/div>\n\t\t\t\t\t\t<\/div>\n\t\t\t\t<div class=\"elementor-element elementor-element-ddcd73c elementor-position-inline-start elementor-view-default elementor-mobile-position-block-start elementor-widget elementor-widget-icon-box\" data-id=\"ddcd73c\" data-element_type=\"widget\" data-e-type=\"widget\" data-widget_type=\"icon-box.default\">\n\t\t\t\t\t\t\t<div class=\"elementor-icon-box-wrapper\">\n\n\t\t\t\t\t\t<div class=\"elementor-icon-box-icon\">\n\t\t\t\t<span  class=\"elementor-icon\">\n\t\t\t\t<svg aria-hidden=\"true\" class=\"e-font-icon-svg e-fas-compress-arrows-alt\" viewBox=\"0 0 512 512\" xmlns=\"http:\/\/www.w3.org\/2000\/svg\"><path d=\"M200 288H88c-21.4 0-32.1 25.8-17 41l32.9 31-99.2 99.3c-6.2 6.2-6.2 16.4 0 22.6l25.4 25.4c6.2 6.2 16.4 6.2 22.6 0L152 408l31.1 33c15.1 15.1 40.9 4.4 40.9-17V312c0-13.3-10.7-24-24-24zm112-64h112c21.4 0 32.1-25.9 17-41l-33-31 99.3-99.3c6.2-6.2 6.2-16.4 0-22.6L481.9 4.7c-6.2-6.2-16.4-6.2-22.6 0L360 104l-31.1-33C313.8 55.9 288 66.6 288 88v112c0 13.3 10.7 24 24 24zm96 136l33-31.1c15.1-15.1 4.4-40.9-17-40.9H312c-13.3 0-24 10.7-24 24v112c0 21.4 25.9 32.1 41 17l31-32.9 99.3 99.3c6.2 6.2 16.4 6.2 22.6 0l25.4-25.4c6.2-6.2 6.2-16.4 0-22.6L408 360zM183 71.1L152 104 52.7 4.7c-6.2-6.2-16.4-6.2-22.6 0L4.7 30.1c-6.2 6.2-6.2 16.4 0 22.6L104 152l-33 31.1C55.9 198.2 66.6 224 88 224h112c13.3 0 24-10.7 24-24V88c0-21.3-25.9-32-41-16.9z\"><\/path><\/svg>\t\t\t\t<\/span>\n\t\t\t<\/div>\n\t\t\t\n\t\t\t\t\t\t<div class=\"elementor-icon-box-content\">\n\n\t\t\t\t\t\t\t\t\t<h3 class=\"elementor-icon-box-title\">\n\t\t\t\t\t\t<span  >\n\t\t\t\t\t\t\t<span style=\"font-family: 'Calibri', sans-serif\"> \u00a0Le niveau interm\u00e9diaire :<span>\t\t\t\t\t\t<\/span>\n\t\t\t\t\t<\/h3>\n\t\t\t\t\n\t\t\t\t\t\t\t\t\t<p class=\"elementor-icon-box-description\">\n\t\t\t\t\t\t<span style=\"font-family: 'Calibri', sans-serif\">Le niveau interm\u00e9diaire est un niveau d\u00e9concentr\u00e9 du Minist\u00e8re. Il comprend 18 Bureaux Provinciaux de Sant\u00e9 (BPS) qui ont pour mission de veiller \u00e0 la mise en \u0153uvre de la politique sanitaire dans leur zone de responsabilit\u00e9.<\/span>\t\t\t\t\t<\/p>\n\t\t\t\t\n\t\t\t<\/div>\n\t\t\t\n\t\t<\/div>\n\t\t\t\t\t\t<\/div>\n\t\t\t\t<div class=\"elementor-element elementor-element-1d0e79d elementor-position-inline-start elementor-view-default elementor-mobile-position-block-start elementor-widget elementor-widget-icon-box\" data-id=\"1d0e79d\" data-element_type=\"widget\" data-e-type=\"widget\" data-widget_type=\"icon-box.default\">\n\t\t\t\t\t\t\t<div class=\"elementor-icon-box-wrapper\">\n\n\t\t\t\t\t\t<div class=\"elementor-icon-box-icon\">\n\t\t\t\t<span  class=\"elementor-icon\">\n\t\t\t\t<svg aria-hidden=\"true\" class=\"e-font-icon-svg e-fas-compress-arrows-alt\" viewBox=\"0 0 512 512\" xmlns=\"http:\/\/www.w3.org\/2000\/svg\"><path d=\"M200 288H88c-21.4 0-32.1 25.8-17 41l32.9 31-99.2 99.3c-6.2 6.2-6.2 16.4 0 22.6l25.4 25.4c6.2 6.2 16.4 6.2 22.6 0L152 408l31.1 33c15.1 15.1 40.9 4.4 40.9-17V312c0-13.3-10.7-24-24-24zm112-64h112c21.4 0 32.1-25.9 17-41l-33-31 99.3-99.3c6.2-6.2 6.2-16.4 0-22.6L481.9 4.7c-6.2-6.2-16.4-6.2-22.6 0L360 104l-31.1-33C313.8 55.9 288 66.6 288 88v112c0 13.3 10.7 24 24 24zm96 136l33-31.1c15.1-15.1 4.4-40.9-17-40.9H312c-13.3 0-24 10.7-24 24v112c0 21.4 25.9 32.1 41 17l31-32.9 99.3 99.3c6.2 6.2 16.4 6.2 22.6 0l25.4-25.4c6.2-6.2 6.2-16.4 0-22.6L408 360zM183 71.1L152 104 52.7 4.7c-6.2-6.2-16.4-6.2-22.6 0L4.7 30.1c-6.2 6.2-6.2 16.4 0 22.6L104 152l-33 31.1C55.9 198.2 66.6 224 88 224h112c13.3 0 24-10.7 24-24V88c0-21.3-25.9-32-41-16.9z\"><\/path><\/svg>\t\t\t\t<\/span>\n\t\t\t<\/div>\n\t\t\t\n\t\t\t\t\t\t<div class=\"elementor-icon-box-content\">\n\n\t\t\t\t\t\t\t\t\t<h3 class=\"elementor-icon-box-title\">\n\t\t\t\t\t\t<span  >\n\t\t\t\t\t\t\t<span style=\"font-family: 'Calibri', sans-serif\">Le niveau p\u00e9riph\u00e9rique : <span>\t\t\t\t\t\t<\/span>\n\t\t\t\t\t<\/h3>\n\t\t\t\t\n\t\t\t\t\t\t\t\t\t<p class=\"elementor-icon-box-description\">\n\t\t\t\t\t\t<span style=\"font-family: 'Calibri', sans-serif\">Le niveau p\u00e9riph\u00e9rique est compos\u00e9 de 49 districts sanitaires autour desquels gravitent des h\u00f4pitaux et les CDS et constitue le niveau op\u00e9rationnel du syst\u00e8me de sant\u00e9. Il a le r\u00f4le de coordonner l\u2019action sanitaire et d\u2019encadrer les activit\u00e9s communautaires.<\/span>\t\t\t\t\t<\/p>\n\t\t\t\t\n\t\t\t<\/div>\n\t\t\t\n\t\t<\/div>\n\t\t\t\t\t\t<\/div>\n\t\t\t\t<div class=\"elementor-element elementor-element-1740497 elementor-position-inline-start elementor-view-default elementor-mobile-position-block-start elementor-widget elementor-widget-icon-box\" data-id=\"1740497\" data-element_type=\"widget\" data-e-type=\"widget\" data-widget_type=\"icon-box.default\">\n\t\t\t\t\t\t\t<div class=\"elementor-icon-box-wrapper\">\n\n\t\t\t\t\t\t<div class=\"elementor-icon-box-icon\">\n\t\t\t\t<span  class=\"elementor-icon\">\n\t\t\t\t<svg aria-hidden=\"true\" class=\"e-font-icon-svg e-fas-compress-arrows-alt\" viewBox=\"0 0 512 512\" xmlns=\"http:\/\/www.w3.org\/2000\/svg\"><path d=\"M200 288H88c-21.4 0-32.1 25.8-17 41l32.9 31-99.2 99.3c-6.2 6.2-6.2 16.4 0 22.6l25.4 25.4c6.2 6.2 16.4 6.2 22.6 0L152 408l31.1 33c15.1 15.1 40.9 4.4 40.9-17V312c0-13.3-10.7-24-24-24zm112-64h112c21.4 0 32.1-25.9 17-41l-33-31 99.3-99.3c6.2-6.2 6.2-16.4 0-22.6L481.9 4.7c-6.2-6.2-16.4-6.2-22.6 0L360 104l-31.1-33C313.8 55.9 288 66.6 288 88v112c0 13.3 10.7 24 24 24zm96 136l33-31.1c15.1-15.1 4.4-40.9-17-40.9H312c-13.3 0-24 10.7-24 24v112c0 21.4 25.9 32.1 41 17l31-32.9 99.3 99.3c6.2 6.2 16.4 6.2 22.6 0l25.4-25.4c6.2-6.2 6.2-16.4 0-22.6L408 360zM183 71.1L152 104 52.7 4.7c-6.2-6.2-16.4-6.2-22.6 0L4.7 30.1c-6.2 6.2-6.2 16.4 0 22.6L104 152l-33 31.1C55.9 198.2 66.6 224 88 224h112c13.3 0 24-10.7 24-24V88c0-21.3-25.9-32-41-16.9z\"><\/path><\/svg>\t\t\t\t<\/span>\n\t\t\t<\/div>\n\t\t\t\n\t\t\t\t\t\t<div class=\"elementor-icon-box-content\">\n\n\t\t\t\t\t\t\t\t\t<h3 class=\"elementor-icon-box-title\">\n\t\t\t\t\t\t<span  >\n\t\t\t\t\t\t\t<span style=\"font-family: 'Calibri', sans-serif\">Le niveau communautaire : <span>\t\t\t\t\t\t<\/span>\n\t\t\t\t\t<\/h3>\n\t\t\t\t\n\t\t\t\t\t\t\t\t\t<p class=\"elementor-icon-box-description\">\n\t\t\t\t\t\t<span style=\"font-family: 'Calibri', sans-serif\">Le volet communautaire comprend les relais communautaires qui sont les associations locales, les agents de sant\u00e9 communautaire, les comit\u00e9s de sant\u00e9, les accoucheuses traditionnelles et les gu\u00e9risseurs traditionnels, etc. Ces relais ont pour r\u00f4le d\u2019assurer certaines prestations au niveau communautaire et servent de pont entre la communaut\u00e9 et le centre de sant\u00e9. De fa\u00e7on op\u00e9rationnelle, les prestations offertes au niveau communautaire sont sous la responsabilit\u00e9 du Centre de Sant\u00e9.<\/span>\t\t\t\t\t<\/p>\n\t\t\t\t\n\t\t\t<\/div>\n\t\t\t\n\t\t<\/div>\n\t\t\t\t\t\t<\/div>\n\t\t\t\t<div class=\"elementor-element elementor-element-be38715 elementor-widget elementor-widget-heading\" data-id=\"be38715\" data-element_type=\"widget\" data-e-type=\"widget\" data-widget_type=\"heading.default\">\n\t\t\t\t\t<h2 class=\"elementor-heading-title elementor-size-default\"><span> Organisation des soins <\/span><\/h2>\t\t\t\t<\/div>\n\t\t\t\t<div class=\"elementor-element elementor-element-66a8ef8 elementor-widget elementor-widget-text-editor\" data-id=\"66a8ef8\" data-element_type=\"widget\" data-e-type=\"widget\" data-widget_type=\"text-editor.default\">\n\t\t\t\t\t\t\t\t\t<p class=\"text-align-justify\" style=\"font-family: 'Calibri', sans-serif;\">Les 47 districts sanitaires sont responsables de la coordination et de la supervision des \u00e9tablissements de soins de sant\u00e9 (109 h\u00f4pitaux et 1 120 centres de sant\u00e9).\u00a0\u00a0<\/p>\t\t\t\t\t\t\t\t<\/div>\n\t\t\t\t<\/div>\n\t\t\t\t\t<\/div>\n\t\t<\/div>\n\t\t\t\t\t\t<\/div>\n\t\t\t\t\t<\/div>\n\t\t\t\t<\/div>\n\t\t\t\t<\/div>\n\t\t","protected":false},"excerpt":{"rendered":"<p>Qui sommes nous ? Organisation Mission Le Minist\u00e8re de la Sant\u00e9 Publique a pour mission d&#8217;\u00e9laborer et mettre en \u0153uvre la politique nationale de sant\u00e9 publique en coordonnant ses antennes provinciales, en assurant la disponibilit\u00e9 des soins et m\u00e9dicaments de qualit\u00e9, en luttant contre les pand\u00e9mies et le VIH\/SIDA, et en promouvant l&#8217;assurance maladie universelle [&hellip;]<\/p>\n","protected":false},"author":4,"featured_media":0,"parent":0,"menu_order":1,"comment_status":"closed","ping_status":"closed","template":"","meta":{"site-sidebar-layout":"right-sidebar","site-content-layout":"","ast-site-content-layout":"normal-width-container","site-content-style":"default","site-sidebar-style":"default","ast-global-header-display":"","ast-banner-title-visibility":"","ast-main-header-display":"","ast-hfb-above-header-display":"","ast-hfb-below-header-display":"","ast-hfb-mobile-header-display":"","site-post-title":"","ast-breadcrumbs-content":"","ast-featured-img":"","footer-sml-layout":"","ast-disable-related-posts":"","theme-transparent-header-meta":"default","adv-header-id-meta":"","stick-header-meta":"","header-above-stick-meta":"","header-main-stick-meta":"","header-below-stick-meta":"","astra-migrate-meta-layouts":"set","ast-page-background-enabled":"default","ast-page-background-meta":{"desktop":{"background-color":"var(--ast-global-color-5)","background-image":"","background-repeat":"repeat","background-position":"center center","background-size":"auto","background-attachment":"scroll","background-type":"","background-media":"","overlay-type":"","overlay-color":"","overlay-opacity":"","overlay-gradient":""},"tablet":{"background-color":"","background-image":"","background-repeat":"repeat","background-position":"center center","background-size":"auto","background-attachment":"scroll","background-type":"","background-media":"","overlay-type":"","overlay-color":"","overlay-opacity":"","overlay-gradient":""},"mobile":{"background-color":"","background-image":"","background-repeat":"repeat","background-position":"center center","background-size":"auto","background-attachment":"scroll","background-type":"","background-media":"","overlay-type":"","overlay-color":"","overlay-opacity":"","overlay-gradient":""}},"ast-content-background-meta":{"desktop":{"background-color":"var(--ast-global-color-4)","background-image":"","background-repeat":"repeat","background-position":"center center","background-size":"auto","background-attachment":"scroll","background-type":"","background-media":"","overlay-type":"","overlay-color":"","overlay-opacity":"","overlay-gradient":""},"tablet":{"background-color":"var(--ast-global-color-4)","background-image":"","background-repeat":"repeat","background-position":"center center","background-size":"auto","background-attachment":"scroll","background-type":"","background-media":"","overlay-type":"","overlay-color":"","overlay-opacity":"","overlay-gradient":""},"mobile":{"background-color":"var(--ast-global-color-4)","background-image":"","background-repeat":"repeat","background-position":"center center","background-size":"auto","background-attachment":"scroll","background-type":"","background-media":"","overlay-type":"","overlay-color":"","overlay-opacity":"","overlay-gradient":""}},"footnotes":""},"class_list":["post-1664","page","type-page","status-publish","hentry"],"_links":{"self":[{"href":"https:\/\/minisante.gov.bi\/index.php?rest_route=\/wp\/v2\/pages\/1664","targetHints":{"allow":["GET"]}}],"collection":[{"href":"https:\/\/minisante.gov.bi\/index.php?rest_route=\/wp\/v2\/pages"}],"about":[{"href":"https:\/\/minisante.gov.bi\/index.php?rest_route=\/wp\/v2\/types\/page"}],"author":[{"embeddable":true,"href":"https:\/\/minisante.gov.bi\/index.php?rest_route=\/wp\/v2\/users\/4"}],"replies":[{"embeddable":true,"href":"https:\/\/minisante.gov.bi\/index.php?rest_route=%2Fwp%2Fv2%2Fcomments&post=1664"}],"version-history":[{"count":394,"href":"https:\/\/minisante.gov.bi\/index.php?rest_route=\/wp\/v2\/pages\/1664\/revisions"}],"predecessor-version":[{"id":6535,"href":"https:\/\/minisante.gov.bi\/index.php?rest_route=\/wp\/v2\/pages\/1664\/revisions\/6535"}],"wp:attachment":[{"href":"https:\/\/minisante.gov.bi\/index.php?rest_route=%2Fwp%2Fv2%2Fmedia&parent=1664"}],"curies":[{"name":"wp","href":"https:\/\/api.w.org\/{rel}","templated":true}]}}