{"id":190,"date":"2018-12-26T08:24:48","date_gmt":"2018-12-26T07:24:48","guid":{"rendered":"https:\/\/minisante.gov.bi\/?page_id=190"},"modified":"2025-10-07T10:51:02","modified_gmt":"2025-10-07T08:51:02","slug":"pnls","status":"publish","type":"page","link":"https:\/\/minisante.gov.bi\/?page_id=190","title":{"rendered":"PNLS\/IST\/HV"},"content":{"rendered":"\r\n<p>Programme National de Lutte contre le Sida: <ul class=\"mmm-easy\"><li><a href=\"https:\/\/minisante.gov.bi\/wp-content\/uploads\/pnls\/Addendum aux Directives Nationales d utilisation des ARV pour la prevention et Traitement du VIH.pdf\"target=\"_blank\"><span class=\"filename\">Addendum aux Directives Nationales d utilisation des ARV pour la prevention et Traitement du VIH.pdf<\/span><span class=\\\"filesize\\\"> (1.56 Mb)<\/span><\/a><\/li><li><a href=\"https:\/\/minisante.gov.bi\/wp-content\/uploads\/pnls\/Addendum aux dierctives nationales VIH.pdf\"target=\"_blank\"><span class=\"filename\">Addendum aux dierctives nationales VIH.pdf<\/span><span class=\\\"filesize\\\"> (2.14 Mb)<\/span><\/a><\/li><li><a href=\"https:\/\/minisante.gov.bi\/wp-content\/uploads\/pnls\/Correspondance  MSPLs aux District pour l'accr\u0412ditation des sites PTME.pdf\"target=\"_blank\"><span class=\"filename\">Correspondance  MSPLs aux District pour l'accr\u0412ditation des sites PTME.pdf<\/span><span class=\\\"filesize\\\"> (502.08 Kb)<\/span><\/a><\/li><li><a href=\"https:\/\/minisante.gov.bi\/wp-content\/uploads\/pnls\/Correspondance  MSPLs aux District pour l'accr\u2568\u0422ditation des sites PTME.pdf\"target=\"_blank\"><span class=\"filename\">Correspondance  MSPLs aux District pour l'accr\u2568\u0422ditation des sites PTME.pdf<\/span><span class=\\\"filesize\\\"> (502.08 Kb)<\/span><\/a><\/li><li><a href=\"https:\/\/minisante.gov.bi\/wp-content\/uploads\/pnls\/DIRECTIVES NATIONALES TARV  2020 _  09 Octobre 2020.pdf\"target=\"_blank\"><span class=\"filename\">DIRECTIVES NATIONALES TARV  2020 _  09 Octobre 2020.pdf<\/span><span class=\\\"filesize\\\"> (1.44 Mb)<\/span><\/a><\/li><li><a href=\"https:\/\/minisante.gov.bi\/wp-content\/uploads\/pnls\/Directives Nationales 2016.pdf\"target=\"_blank\"><span class=\"filename\">Directives Nationales 2016.pdf<\/span><span class=\\\"filesize\\\"> (942.04 Kb)<\/span><\/a><\/li><li><a href=\"https:\/\/minisante.gov.bi\/wp-content\/uploads\/pnls\/Directives NationalesTB-VIH.pdf\"target=\"_blank\"><span class=\"filename\">Directives NationalesTB-VIH.pdf<\/span><span class=\\\"filesize\\\"> (2.44 Mb)<\/span><\/a><\/li><li><a href=\"https:\/\/minisante.gov.bi\/wp-content\/uploads\/pnls\/Directives nationales de d\u00e9pistage des h\u00e9patites virales B et C au Burundi Avril 2024.pdf\"target=\"_blank\"><span class=\"filename\">Directives nationales de d\u00e9pistage des h\u00e9patites virales B et C au Burundi Avril 2024.pdf<\/span><span class=\\\"filesize\\\"> (1.2 Mb)<\/span><\/a><\/li><li><a href=\"https:\/\/minisante.gov.bi\/wp-content\/uploads\/pnls\/Directives nationales de d\u0412pistage des h\u0412patites virales B et C au Burundi Avril 2024.pdf\"target=\"_blank\"><span class=\"filename\">Directives nationales de d\u0412pistage des h\u0412patites virales B et C au Burundi Avril 2024.pdf<\/span><span class=\\\"filesize\\\"> (1.2 Mb)<\/span><\/a><\/li><li><a href=\"https:\/\/minisante.gov.bi\/wp-content\/uploads\/pnls\/Directives nationales pour la pr\u00e9vention et le traitement du VIH au Burundi Avril 2024.pdf\"target=\"_blank\"><span class=\"filename\">Directives nationales pour la pr\u00e9vention et le traitement du VIH au Burundi Avril 2024.pdf<\/span><span class=\\\"filesize\\\"> (1.12 Mb)<\/span><\/a><\/li><li><a href=\"https:\/\/minisante.gov.bi\/wp-content\/uploads\/pnls\/Directives nationales pour la pr\u0412vention et le traitement du VIH au Burundi Avril 2024.pdf\"target=\"_blank\"><span class=\"filename\">Directives nationales pour la pr\u0412vention et le traitement du VIH au Burundi Avril 2024.pdf<\/span><span class=\\\"filesize\\\"> (1.12 Mb)<\/span><\/a><\/li><li><a href=\"https:\/\/minisante.gov.bi\/wp-content\/uploads\/pnls\/Directives nationales pour le conseil et d\u00e9pistage du VIH au Burundi Avril 2024.pdf\"target=\"_blank\"><span class=\"filename\">Directives nationales pour le conseil et d\u00e9pistage du VIH au Burundi Avril 2024.pdf<\/span><span class=\\\"filesize\\\"> (1.27 Mb)<\/span><\/a><\/li><li><a href=\"https:\/\/minisante.gov.bi\/wp-content\/uploads\/pnls\/Directives nationales pour le conseil et d\u0412pistage du VIH au Burundi Avril 2024.pdf\"target=\"_blank\"><span class=\"filename\">Directives nationales pour le conseil et d\u0412pistage du VIH au Burundi Avril 2024.pdf<\/span><span class=\\\"filesize\\\"> (1.27 Mb)<\/span><\/a><\/li><li><a href=\"https:\/\/minisante.gov.bi\/wp-content\/uploads\/pnls\/Evaluation rapide sur les UDI 2017.pdf\"target=\"_blank\"><span class=\"filename\">Evaluation rapide sur les UDI 2017.pdf<\/span><span class=\\\"filesize\\\"> (1.36 Mb)<\/span><\/a><\/li><li><a href=\"https:\/\/minisante.gov.bi\/wp-content\/uploads\/pnls\/GUIDE PEC VIH P\u0412diatrique valid\u0412_V.Finale_09-10-2021.pdf\"target=\"_blank\"><span class=\"filename\">GUIDE PEC VIH P\u0412diatrique valid\u0412_V.Finale_09-10-2021.pdf<\/span><span class=\\\"filesize\\\"> (1.94 Mb)<\/span><\/a><\/li><li><a href=\"https:\/\/minisante.gov.bi\/wp-content\/uploads\/pnls\/GUIDE PEC VIH P\u2568\u0422diatrique valid\u2568\u0422_V.Finale_09-10-2021.pdf\"target=\"_blank\"><span class=\"filename\">GUIDE PEC VIH P\u2568\u0422diatrique valid\u2568\u0422_V.Finale_09-10-2021.pdf<\/span><span class=\\\"filesize\\\"> (1.94 Mb)<\/span><\/a><\/li><li><a href=\"https:\/\/minisante.gov.bi\/wp-content\/uploads\/pnls\/Guide simplifi\u0412 de prevention des IST adapt\u0412 au niveau communautaire.pdf\"target=\"_blank\"><span class=\"filename\">Guide simplifi\u0412 de prevention des IST adapt\u0412 au niveau communautaire.pdf<\/span><span class=\\\"filesize\\\"> (2.48 Mb)<\/span><\/a><\/li><li><a href=\"https:\/\/minisante.gov.bi\/wp-content\/uploads\/pnls\/Guide simplifi\u2568\u0422 de prevention des IST adapt\u2568\u0422 au niveau communautaire.pdf\"target=\"_blank\"><span class=\"filename\">Guide simplifi\u2568\u0422 de prevention des IST adapt\u2568\u0422 au niveau communautaire.pdf<\/span><span class=\\\"filesize\\\"> (2.48 Mb)<\/span><\/a><\/li><li><a href=\"https:\/\/minisante.gov.bi\/wp-content\/uploads\/pnls\/Manuel de PEC SYNDROMIQUE DES IST  2017.docx\"target=\"_blank\"><span class=\"filename\">Manuel de PEC SYNDROMIQUE DES IST  2017.docx<\/span><span class=\\\"filesize\\\"> (550.75 Kb)<\/span><\/a><\/li><li><a href=\"https:\/\/minisante.gov.bi\/wp-content\/uploads\/pnls\/Manuel de PEC SYNDROMIQUE DES IST 2018 mai 2019.pdf\"target=\"_blank\"><span class=\"filename\">Manuel de PEC SYNDROMIQUE DES IST 2018 mai 2019.pdf<\/span><span class=\\\"filesize\\\"> (1.27 Mb)<\/span><\/a><\/li><li><a href=\"https:\/\/minisante.gov.bi\/wp-content\/uploads\/pnls\/Nouvelles Directives 2016.pdf\"target=\"_blank\"><span class=\"filename\">Nouvelles Directives 2016.pdf<\/span><span class=\\\"filesize\\\"> (942.03 Kb)<\/span><\/a><\/li><li><a href=\"https:\/\/minisante.gov.bi\/wp-content\/uploads\/pnls\/ORDONNANCE REVISEE_PNLS-IST-HV_02-09-2022.pdf\"target=\"_blank\"><span class=\"filename\">ORDONNANCE REVISEE_PNLS-IST-HV_02-09-2022.pdf<\/span><span class=\\\"filesize\\\"> (5.5 Mb)<\/span><\/a><\/li><li><a href=\"https:\/\/minisante.gov.bi\/wp-content\/uploads\/pnls\/PLAN STRATEGIE HEPATITES VIRALES 2018_2022.pdf\"target=\"_blank\"><span class=\"filename\">PLAN STRATEGIE HEPATITES VIRALES 2018_2022.pdf<\/span><span class=\\\"filesize\\\"> (1.19 Mb)<\/span><\/a><\/li><li><a href=\"https:\/\/minisante.gov.bi\/wp-content\/uploads\/pnls\/PSN-VIH 2014-2017.pdf\"target=\"_blank\"><span class=\"filename\">PSN-VIH 2014-2017.pdf<\/span><span class=\\\"filesize\\\"> (2.13 Mb)<\/span><\/a><\/li><li><a href=\"https:\/\/minisante.gov.bi\/wp-content\/uploads\/pnls\/Plan de communication pour le changement de comportement en mati\u041are de pr\u0412vention et prise en charge du VIH adapt\u0412 aux adolescents et jeunes.pdf\"target=\"_blank\"><span class=\"filename\">Plan de communication pour le changement de comportement en mati\u041are de pr\u0412vention et prise en charge du VIH adapt\u0412 aux adolescents et jeunes.pdf<\/span><span class=\\\"filesize\\\"> (1.31 Mb)<\/span><\/a><\/li><li><a href=\"https:\/\/minisante.gov.bi\/wp-content\/uploads\/pnls\/Plan de communication pour le changement de comportement en mati\u2568\u042are de pr\u2568\u0422vention et prise en charge du VIH adapt\u2568\u0422 aux adolescents et jeunes.pdf\"target=\"_blank\"><span class=\"filename\">Plan de communication pour le changement de comportement en mati\u2568\u042are de pr\u2568\u0422vention et prise en charge du VIH adapt\u2568\u0422 aux adolescents et jeunes.pdf<\/span><span class=\\\"filesize\\\"> (1.31 Mb)<\/span><\/a><\/li><li><a href=\"https:\/\/minisante.gov.bi\/wp-content\/uploads\/pnls\/Plan de mise en oeuvre des Directives de 2016.pdf\"target=\"_blank\"><span class=\"filename\">Plan de mise en oeuvre des Directives de 2016.pdf<\/span><span class=\\\"filesize\\\"> (3.2 Mb)<\/span><\/a><\/li><li><a href=\"https:\/\/minisante.gov.bi\/wp-content\/uploads\/pnls\/Plan de mise en oeuvre des Nouvelles Directives 2017.pdf\"target=\"_blank\"><span class=\"filename\">Plan de mise en oeuvre des Nouvelles Directives 2017.pdf<\/span><span class=\\\"filesize\\\"> (3.2 Mb)<\/span><\/a><\/li><li><a href=\"https:\/\/minisante.gov.bi\/wp-content\/uploads\/pnls\/Prestation de services diff\u00e9renci\u00e9s en mati\u00e8re de VIH au Burundi D\u00e9cembre 2024.pdf\"target=\"_blank\"><span class=\"filename\">Prestation de services diff\u00e9renci\u00e9s en mati\u00e8re de VIH au Burundi D\u00e9cembre 2024.pdf<\/span><span class=\\\"filesize\\\"> (398.9 Kb)<\/span><\/a><\/li><li><a href=\"https:\/\/minisante.gov.bi\/wp-content\/uploads\/pnls\/Prestation de services diff\u0412renci\u0412s en mati\u041are de VIH au Burundi D\u0412cembre 2024.pdf\"target=\"_blank\"><span class=\"filename\">Prestation de services diff\u0412renci\u0412s en mati\u041are de VIH au Burundi D\u0412cembre 2024.pdf<\/span><span class=\\\"filesize\\\"> (398.9 Kb)<\/span><\/a><\/li><li><a href=\"https:\/\/minisante.gov.bi\/wp-content\/uploads\/pnls\/RAPPORT ANNUEL 2021_PNLS-IST.pdf\"target=\"_blank\"><span class=\"filename\">RAPPORT ANNUEL 2021_PNLS-IST.pdf<\/span><span class=\\\"filesize\\\"> (1.34 Mb)<\/span><\/a><\/li><li><a href=\"https:\/\/minisante.gov.bi\/wp-content\/uploads\/pnls\/RAPPORT ANNUEL 2021_PNLS_IST DRAFT DU 29032022.docx\"target=\"_blank\"><span class=\"filename\">RAPPORT ANNUEL 2021_PNLS_IST DRAFT DU 29032022.docx<\/span><span class=\\\"filesize\\\"> (369.47 Kb)<\/span><\/a><\/li><li><a href=\"https:\/\/minisante.gov.bi\/wp-content\/uploads\/pnls\/Rapport Final Audit FA_VIH au burundi Burundi.pdf\"target=\"_blank\"><span class=\"filename\">Rapport Final Audit FA_VIH au burundi Burundi.pdf<\/span><span class=\\\"filesize\\\"> (3.95 Mb)<\/span><\/a><\/li><li><a href=\"https:\/\/minisante.gov.bi\/wp-content\/uploads\/pnls\/Rapport annuel PNLS-IST 2017.pdf\"target=\"_blank\"><span class=\"filename\">Rapport annuel PNLS-IST 2017.pdf<\/span><span class=\\\"filesize\\\"> (1.35 Mb)<\/span><\/a><\/li><li><a href=\"https:\/\/minisante.gov.bi\/wp-content\/uploads\/pnls\/Rapport d'\u0412valuation du plan e-TME 2012-2016.pdf\"target=\"_blank\"><span class=\"filename\">Rapport d'\u0412valuation du plan e-TME 2012-2016.pdf<\/span><span class=\\\"filesize\\\"> (569.1 Kb)<\/span><\/a><\/li><li><a href=\"https:\/\/minisante.gov.bi\/wp-content\/uploads\/pnls\/Rapport d'\u2568\u0422valuation du plan e-TME 2012-2016.pdf\"target=\"_blank\"><span class=\"filename\">Rapport d'\u2568\u0422valuation du plan e-TME 2012-2016.pdf<\/span><span class=\\\"filesize\\\"> (569.1 Kb)<\/span><\/a><\/li><li><a href=\"https:\/\/minisante.gov.bi\/wp-content\/uploads\/pnls\/Rapport de l'\u0412valuation des sites miniers au Burundi.docx\"target=\"_blank\"><span class=\"filename\">Rapport de l'\u0412valuation des sites miniers au Burundi.docx<\/span><span class=\\\"filesize\\\"> (2.13 Mb)<\/span><\/a><\/li><li><a href=\"https:\/\/minisante.gov.bi\/wp-content\/uploads\/pnls\/Rapport de l'\u2568\u0422valuation des sites miniers au Burundi.docx\"target=\"_blank\"><span class=\"filename\">Rapport de l'\u2568\u0422valuation des sites miniers au Burundi.docx<\/span><span class=\\\"filesize\\\"> (2.13 Mb)<\/span><\/a><\/li><\/ul><\/p>\r\n\r\n\r\n\r\n<p><\/p>\r\n","protected":false},"excerpt":{"rendered":"<p>Programme National de Lutte contre le Sida:<\/p>\n","protected":false},"author":1,"featured_media":0,"parent":1511,"menu_order":8,"comment_status":"closed","ping_status":"closed","template":"","meta":{"site-sidebar-layout":"default","site-content-layout":"","ast-site-content-layout":"default","site-content-style":"default","site-sidebar-style":"default","ast-global-header-display":"","ast-banner-title-visibility":"","ast-main-header-display":"","ast-hfb-above-header-display":"","ast-hfb-below-header-display":"","ast-hfb-mobile-header-display":"","site-post-title":"","ast-breadcrumbs-content":"","ast-featured-img":"","footer-sml-layout":"","ast-disable-related-posts":"","theme-transparent-header-meta":"default","adv-header-id-meta":"","stick-header-meta":"","header-above-stick-meta":"","header-main-stick-meta":"","header-below-stick-meta":"","astra-migrate-meta-layouts":"set","ast-page-background-enabled":"default","ast-page-background-meta":{"desktop":{"background-color":"var(--ast-global-color-5)","background-image":"","background-repeat":"repeat","background-position":"center center","background-size":"auto","background-attachment":"scroll","background-type":"","background-media":"","overlay-type":"","overlay-color":"","overlay-opacity":"","overlay-gradient":""},"tablet":{"background-color":"","background-image":"","background-repeat":"repeat","background-position":"center center","background-size":"auto","background-attachment":"scroll","background-type":"","background-media":"","overlay-type":"","overlay-color":"","overlay-opacity":"","overlay-gradient":""},"mobile":{"background-color":"","background-image":"","background-repeat":"repeat","background-position":"center center","background-size":"auto","background-attachment":"scroll","background-type":"","background-media":"","overlay-type":"","overlay-color":"","overlay-opacity":"","overlay-gradient":""}},"ast-content-background-meta":{"desktop":{"background-color":"var(--ast-global-color-4)","background-image":"","background-repeat":"repeat","background-position":"center center","background-size":"auto","background-attachment":"scroll","background-type":"","background-media":"","overlay-type":"","overlay-color":"","overlay-opacity":"","overlay-gradient":""},"tablet":{"background-color":"var(--ast-global-color-4)","background-image":"","background-repeat":"repeat","background-position":"center center","background-size":"auto","background-attachment":"scroll","background-type":"","background-media":"","overlay-type":"","overlay-color":"","overlay-opacity":"","overlay-gradient":""},"mobile":{"background-color":"var(--ast-global-color-4)","background-image":"","background-repeat":"repeat","background-position":"center center","background-size":"auto","background-attachment":"scroll","background-type":"","background-media":"","overlay-type":"","overlay-color":"","overlay-opacity":"","overlay-gradient":""}},"footnotes":""},"class_list":["post-190","page","type-page","status-publish","hentry"],"_links":{"self":[{"href":"https:\/\/minisante.gov.bi\/index.php?rest_route=\/wp\/v2\/pages\/190","targetHints":{"allow":["GET"]}}],"collection":[{"href":"https:\/\/minisante.gov.bi\/index.php?rest_route=\/wp\/v2\/pages"}],"about":[{"href":"https:\/\/minisante.gov.bi\/index.php?rest_route=\/wp\/v2\/types\/page"}],"author":[{"embeddable":true,"href":"https:\/\/minisante.gov.bi\/index.php?rest_route=\/wp\/v2\/users\/1"}],"replies":[{"embeddable":true,"href":"https:\/\/minisante.gov.bi\/index.php?rest_route=%2Fwp%2Fv2%2Fcomments&post=190"}],"version-history":[{"count":21,"href":"https:\/\/minisante.gov.bi\/index.php?rest_route=\/wp\/v2\/pages\/190\/revisions"}],"predecessor-version":[{"id":1399,"href":"https:\/\/minisante.gov.bi\/index.php?rest_route=\/wp\/v2\/pages\/190\/revisions\/1399"}],"up":[{"embeddable":true,"href":"https:\/\/minisante.gov.bi\/index.php?rest_route=\/wp\/v2\/pages\/1511"}],"wp:attachment":[{"href":"https:\/\/minisante.gov.bi\/index.php?rest_route=%2Fwp%2Fv2%2Fmedia&parent=190"}],"curies":[{"name":"wp","href":"https:\/\/api.w.org\/{rel}","templated":true}]}}