{"id":82,"date":"2018-12-19T16:35:25","date_gmt":"2018-12-19T15:35:25","guid":{"rendered":"http:\/\/localhost\/mspls\/?page_id=82"},"modified":"2025-10-07T10:45:37","modified_gmt":"2025-10-07T08:45:37","slug":"pev","status":"publish","type":"page","link":"https:\/\/minisante.gov.bi\/?page_id=82","title":{"rendered":"PEV"},"content":{"rendered":"\t\t<div data-elementor-type=\"wp-page\" data-elementor-id=\"82\" class=\"elementor elementor-82\">\n\t\t\t\t<div class=\"elementor-element elementor-element-a61c633 e-flex e-con-boxed e-con e-parent\" data-id=\"a61c633\" data-element_type=\"container\" data-e-type=\"container\">\n\t\t\t\t\t<div class=\"e-con-inner\">\n\t\t\t\t<div class=\"elementor-element elementor-element-15ae26f e-n-tabs-mobile elementor-widget elementor-widget-n-tabs\" data-id=\"15ae26f\" data-element_type=\"widget\" data-e-type=\"widget\" data-settings=\"{&quot;tabs_justify_horizontal&quot;:&quot;center&quot;,&quot;horizontal_scroll&quot;:&quot;disable&quot;}\" data-widget_type=\"nested-tabs.default\">\n\t\t\t\t\t\t\t<div class=\"e-n-tabs\" data-widget-number=\"22733423\" aria-label=\"Onglets. Ouvrez des \u00e9l\u00e9ments avec Entrer ou Espace, fermez-les avec Echape et naviguez \u00e0 l&#039;aide des touches fl\u00e9ch\u00e9es.\">\n\t\t\t<div class=\"e-n-tabs-heading\" role=\"tablist\">\n\t\t\t\t\t<button id=\"e-n-tab-title-227334231\" data-tab-title-id=\"e-n-tab-title-227334231\" class=\"e-n-tab-title\" aria-selected=\"true\" data-tab-index=\"1\" role=\"tab\" tabindex=\"0\" aria-controls=\"e-n-tab-content-227334231\" style=\"--n-tabs-title-order: 1;\">\n\t\t\t\t\t\t<span class=\"e-n-tab-title-text\">\n\t\t\t\tPr\u00e9sentation\t\t\t<\/span>\n\t\t<\/button>\n\t\t\t\t<button id=\"e-n-tab-title-227334232\" data-tab-title-id=\"e-n-tab-title-227334232\" class=\"e-n-tab-title\" aria-selected=\"false\" data-tab-index=\"2\" role=\"tab\" tabindex=\"-1\" aria-controls=\"e-n-tab-content-227334232\" style=\"--n-tabs-title-order: 2;\">\n\t\t\t\t\t\t<span class=\"e-n-tab-title-text\">\n\t\t\t\tOrganisation\t\t\t<\/span>\n\t\t<\/button>\n\t\t\t\t<button id=\"e-n-tab-title-227334233\" data-tab-title-id=\"e-n-tab-title-227334233\" class=\"e-n-tab-title\" aria-selected=\"false\" data-tab-index=\"3\" role=\"tab\" tabindex=\"-1\" aria-controls=\"e-n-tab-content-227334233\" style=\"--n-tabs-title-order: 3;\">\n\t\t\t\t\t\t<span class=\"e-n-tab-title-text\">\n\t\t\t\tMission\t\t\t<\/span>\n\t\t<\/button>\n\t\t\t\t<button id=\"e-n-tab-title-227334234\" data-tab-title-id=\"e-n-tab-title-227334234\" class=\"e-n-tab-title\" aria-selected=\"false\" data-tab-index=\"4\" role=\"tab\" tabindex=\"-1\" aria-controls=\"e-n-tab-content-227334234\" style=\"--n-tabs-title-order: 4;\">\n\t\t\t\t\t\t<span class=\"e-n-tab-title-text\">\n\t\t\t\tBulletins\t\t\t<\/span>\n\t\t<\/button>\n\t\t\t\t\t<\/div>\n\t\t\t<div class=\"e-n-tabs-content\">\n\t\t\t\t<div id=\"e-n-tab-content-227334231\" role=\"tabpanel\" aria-labelledby=\"e-n-tab-title-227334231\" data-tab-index=\"1\" style=\"--n-tabs-title-order: 1;\" class=\"e-active elementor-element elementor-element-87fa7eb e-con-full e-flex e-con e-child\" data-id=\"87fa7eb\" data-element_type=\"container\" data-e-type=\"container\">\n\t\t\t\t<div class=\"elementor-element elementor-element-8ce167c elementor-widget elementor-widget-heading\" data-id=\"8ce167c\" data-element_type=\"widget\" data-e-type=\"widget\" data-widget_type=\"heading.default\">\n\t\t\t\t\t<h4 class=\"elementor-heading-title elementor-size-default\"><span style=\"font-family: 'Calibri', sans-serif\">Pr\u00e9sentation du PEV<\/span><\/h4>\t\t\t\t<\/div>\n\t\t\t\t<div class=\"elementor-element elementor-element-fdd5752 elementor-widget elementor-widget-text-editor\" data-id=\"fdd5752\" data-element_type=\"widget\" data-e-type=\"widget\" data-widget_type=\"text-editor.default\">\n\t\t\t\t\t\t\t\t\t<span style=\"font-family: 'Calibri', sans-serif;\">Le Burundi a d\u00e9marr\u00e9 son programme en 1980 avec les vaccins contre la dipht\u00e9rie, la tuberculose, la coqueluche, la rougeole, la poliomy\u00e9lite et le t\u00e9tanos. Ce programme a connu beaucoup de succ\u00e8s au niveau pays de sorte qu\u2019en moins de dix ans, le pays avait des couvertures sup\u00e9rieures \u00e0 80% pour tous ces antig\u00e8nes. En 2004, deux nouveaux vaccins ont \u00e9t\u00e9 introduits \u00e0 savoir le vaccin contre l\u2019h\u00e9patite virale B et l\u2019haemophilus influenzae de type b en deux injections. Au cours de l\u2019ann\u00e9e 2005, cette forme a \u00e9t\u00e9 remplac\u00e9e par le Pentavalent qui est donn\u00e9 en une seule injection, combinant le DTC-Hep B liquide et le Hib lyophilis\u00e9.<\/span>\t\t\t\t\t\t\t\t<\/div>\n\t\t\t\t<\/div>\n\t\t<div id=\"e-n-tab-content-227334232\" role=\"tabpanel\" aria-labelledby=\"e-n-tab-title-227334232\" data-tab-index=\"2\" style=\"--n-tabs-title-order: 2;\" class=\" elementor-element elementor-element-e899c8f e-con-full e-flex e-con e-child\" data-id=\"e899c8f\" data-element_type=\"container\" data-e-type=\"container\">\n\t\t\t\t<\/div>\n\t\t<div id=\"e-n-tab-content-227334233\" role=\"tabpanel\" aria-labelledby=\"e-n-tab-title-227334233\" data-tab-index=\"3\" style=\"--n-tabs-title-order: 3;\" class=\" elementor-element elementor-element-37989cb e-con-full e-flex e-con e-child\" data-id=\"37989cb\" data-element_type=\"container\" data-e-type=\"container\">\n\t\t\t\t<div class=\"elementor-element elementor-element-9732900 elementor-widget elementor-widget-heading\" data-id=\"9732900\" data-element_type=\"widget\" data-e-type=\"widget\" data-widget_type=\"heading.default\">\n\t\t\t\t\t<h2 class=\"elementor-heading-title elementor-size-default\">Mission du PEV<\/h2>\t\t\t\t<\/div>\n\t\t\t\t<div class=\"elementor-element elementor-element-cb072d2 elementor-widget elementor-widget-text-editor\" data-id=\"cb072d2\" data-element_type=\"widget\" data-e-type=\"widget\" data-widget_type=\"text-editor.default\">\n\t\t\t\t\t\t\t\t\t<p>La mission principale du PEV est de prot\u00e9ger tous les enfants contre les maladies \u00e9vitables par la vaccination.<\/p>\n<p><!-- \/wp:paragraph --><!-- wp:heading --><\/p>\n<p><!-- \/wp:paragraph --><\/p>\t\t\t\t\t\t\t\t<\/div>\n\t\t\t\t<\/div>\n\t\t<div id=\"e-n-tab-content-227334234\" role=\"tabpanel\" aria-labelledby=\"e-n-tab-title-227334234\" data-tab-index=\"4\" style=\"--n-tabs-title-order: 4;\" class=\" elementor-element elementor-element-1ff8d61 e-flex e-con-boxed e-con e-child\" data-id=\"1ff8d61\" data-element_type=\"container\" data-e-type=\"container\">\n\t\t\t\t\t<div class=\"e-con-inner\">\n\t\t\t\t<div class=\"elementor-element elementor-element-f7d6282 elementor-widget elementor-widget-heading\" data-id=\"f7d6282\" data-element_type=\"widget\" data-e-type=\"widget\" data-widget_type=\"heading.default\">\n\t\t\t\t\t<h2 class=\"elementor-heading-title elementor-size-default\">Bulletins<\/h2>\t\t\t\t<\/div>\n\t\t\t\t<div class=\"elementor-element elementor-element-e4f3c9d elementor-widget elementor-widget-text-editor\" data-id=\"e4f3c9d\" data-element_type=\"widget\" data-e-type=\"widget\" data-widget_type=\"text-editor.default\">\n\t\t\t\t\t\t\t\t\t<p style=\"font-size: 16px; font-style: normal; font-weight: 400;\"><ul class=\"mmm-easy\"><li><a href=\"https:\/\/minisante.gov.bi\/wp-content\/uploads\/pev\/PEV_BULLETIN MENSUEL AVRIL 2023.pptx\"target=\"_blank\"><span class=\"filename\">PEV_BULLETIN MENSUEL AVRIL 2023.pptx<\/span><span class=\\\"filesize\\\"> (3.02 Mb)<\/span><\/a><\/li><li><a href=\"https:\/\/minisante.gov.bi\/wp-content\/uploads\/pev\/PEV_BULLETIN MENSUEL DE JUIN 2023.pptx\"target=\"_blank\"><span class=\"filename\">PEV_BULLETIN MENSUEL DE JUIN 2023.pptx<\/span><span class=\\\"filesize\\\"> (4.66 Mb)<\/span><\/a><\/li><li><a href=\"https:\/\/minisante.gov.bi\/wp-content\/uploads\/pev\/PEV_BULLETIN MENSUEL DE MAI 2023.pptx\"target=\"_blank\"><span class=\"filename\">PEV_BULLETIN MENSUEL DE MAI 2023.pptx<\/span><span class=\\\"filesize\\\"> (4.92 Mb)<\/span><\/a><\/li><\/ul><\/p>\t\t\t\t\t\t\t\t<\/div>\n\t\t\t\t\t<\/div>\n\t\t\t\t<\/div>\n\t\t\t\t\t<\/div>\n\t\t<\/div>\n\t\t\t\t\t\t<\/div>\n\t\t\t\t\t<\/div>\n\t\t\t\t<\/div>\n\t\t\t\t<\/div>\n\t\t","protected":false},"excerpt":{"rendered":"<p>Pr\u00e9sentation Organisation Mission Bulletins Pr\u00e9sentation du PEV Le Burundi a d\u00e9marr\u00e9 son programme en 1980 avec les vaccins contre la dipht\u00e9rie, la tuberculose, la coqueluche, la rougeole, la poliomy\u00e9lite et le t\u00e9tanos. Ce programme a connu beaucoup de succ\u00e8s au niveau pays de sorte qu\u2019en moins de dix ans, le pays avait des couvertures sup\u00e9rieures [&hellip;]<\/p>\n","protected":false},"author":1,"featured_media":0,"parent":1511,"menu_order":2,"comment_status":"closed","ping_status":"closed","template":"","meta":{"site-sidebar-layout":"default","site-content-layout":"","ast-site-content-layout":"default","site-content-style":"default","site-sidebar-style":"default","ast-global-header-display":"","ast-banner-title-visibility":"","ast-main-header-display":"","ast-hfb-above-header-display":"","ast-hfb-below-header-display":"","ast-hfb-mobile-header-display":"","site-post-title":"","ast-breadcrumbs-content":"","ast-featured-img":"","footer-sml-layout":"","ast-disable-related-posts":"","theme-transparent-header-meta":"default","adv-header-id-meta":"","stick-header-meta":"","header-above-stick-meta":"","header-main-stick-meta":"","header-below-stick-meta":"","astra-migrate-meta-layouts":"set","ast-page-background-enabled":"default","ast-page-background-meta":{"desktop":{"background-color":"var(--ast-global-color-5)","background-image":"","background-repeat":"repeat","background-position":"center center","background-size":"auto","background-attachment":"scroll","background-type":"","background-media":"","overlay-type":"","overlay-color":"","overlay-opacity":"","overlay-gradient":""},"tablet":{"background-color":"","background-image":"","background-repeat":"repeat","background-position":"center center","background-size":"auto","background-attachment":"scroll","background-type":"","background-media":"","overlay-type":"","overlay-color":"","overlay-opacity":"","overlay-gradient":""},"mobile":{"background-color":"","background-image":"","background-repeat":"repeat","background-position":"center center","background-size":"auto","background-attachment":"scroll","background-type":"","background-media":"","overlay-type":"","overlay-color":"","overlay-opacity":"","overlay-gradient":""}},"ast-content-background-meta":{"desktop":{"background-color":"var(--ast-global-color-4)","background-image":"","background-repeat":"repeat","background-position":"center center","background-size":"auto","background-attachment":"scroll","background-type":"","background-media":"","overlay-type":"","overlay-color":"","overlay-opacity":"","overlay-gradient":""},"tablet":{"background-color":"var(--ast-global-color-4)","background-image":"","background-repeat":"repeat","background-position":"center center","background-size":"auto","background-attachment":"scroll","background-type":"","background-media":"","overlay-type":"","overlay-color":"","overlay-opacity":"","overlay-gradient":""},"mobile":{"background-color":"var(--ast-global-color-4)","background-image":"","background-repeat":"repeat","background-position":"center center","background-size":"auto","background-attachment":"scroll","background-type":"","background-media":"","overlay-type":"","overlay-color":"","overlay-opacity":"","overlay-gradient":""}},"footnotes":""},"class_list":["post-82","page","type-page","status-publish","hentry"],"_links":{"self":[{"href":"https:\/\/minisante.gov.bi\/index.php?rest_route=\/wp\/v2\/pages\/82","targetHints":{"allow":["GET"]}}],"collection":[{"href":"https:\/\/minisante.gov.bi\/index.php?rest_route=\/wp\/v2\/pages"}],"about":[{"href":"https:\/\/minisante.gov.bi\/index.php?rest_route=\/wp\/v2\/types\/page"}],"author":[{"embeddable":true,"href":"https:\/\/minisante.gov.bi\/index.php?rest_route=\/wp\/v2\/users\/1"}],"replies":[{"embeddable":true,"href":"https:\/\/minisante.gov.bi\/index.php?rest_route=%2Fwp%2Fv2%2Fcomments&post=82"}],"version-history":[{"count":61,"href":"https:\/\/minisante.gov.bi\/index.php?rest_route=\/wp\/v2\/pages\/82\/revisions"}],"predecessor-version":[{"id":5638,"href":"https:\/\/minisante.gov.bi\/index.php?rest_route=\/wp\/v2\/pages\/82\/revisions\/5638"}],"up":[{"embeddable":true,"href":"https:\/\/minisante.gov.bi\/index.php?rest_route=\/wp\/v2\/pages\/1511"}],"wp:attachment":[{"href":"https:\/\/minisante.gov.bi\/index.php?rest_route=%2Fwp%2Fv2%2Fmedia&parent=82"}],"curies":[{"name":"wp","href":"https:\/\/api.w.org\/{rel}","templated":true}]}}