{"id":84,"date":"2018-12-19T16:35:43","date_gmt":"2018-12-19T15:35:43","guid":{"rendered":"http:\/\/localhost\/mspls\/?page_id=84"},"modified":"2025-10-07T10:01:15","modified_gmt":"2025-10-07T08:01:15","slug":"cnts","status":"publish","type":"page","link":"https:\/\/minisante.gov.bi\/?page_id=84","title":{"rendered":"CNTS"},"content":{"rendered":"\t\t<div data-elementor-type=\"wp-page\" data-elementor-id=\"84\" class=\"elementor elementor-84\">\n\t\t\t\t<div class=\"elementor-element elementor-element-f81a325 e-flex e-con-boxed e-con e-parent\" data-id=\"f81a325\" data-element_type=\"container\" data-e-type=\"container\">\n\t\t\t\t\t<div class=\"e-con-inner\">\n\t\t\t\t<div class=\"elementor-element elementor-element-de8266b e-n-tabs-mobile elementor-widget elementor-widget-n-tabs\" data-id=\"de8266b\" data-element_type=\"widget\" data-e-type=\"widget\" data-widget_type=\"nested-tabs.default\">\n\t\t\t\t\t\t\t<div class=\"e-n-tabs\" data-widget-number=\"233317995\" aria-label=\"Onglets. Ouvrez des \u00e9l\u00e9ments avec Entrer ou Espace, fermez-les avec Echape et naviguez \u00e0 l&#039;aide des touches fl\u00e9ch\u00e9es.\">\n\t\t\t<div class=\"e-n-tabs-heading\" role=\"tablist\">\n\t\t\t\t\t<button id=\"e-n-tab-title-2333179951\" data-tab-title-id=\"e-n-tab-title-2333179951\" class=\"e-n-tab-title\" aria-selected=\"true\" data-tab-index=\"1\" role=\"tab\" tabindex=\"0\" aria-controls=\"e-n-tab-content-2333179951\" style=\"--n-tabs-title-order: 1;\">\n\t\t\t\t\t\t<span class=\"e-n-tab-title-text\">\n\t\t\t\tPr\u00e9sentation\t\t\t<\/span>\n\t\t<\/button>\n\t\t\t\t<button id=\"e-n-tab-title-2333179952\" data-tab-title-id=\"e-n-tab-title-2333179952\" class=\"e-n-tab-title\" aria-selected=\"false\" data-tab-index=\"2\" role=\"tab\" tabindex=\"-1\" aria-controls=\"e-n-tab-content-2333179952\" style=\"--n-tabs-title-order: 2;\">\n\t\t\t\t\t\t<span class=\"e-n-tab-title-text\">\n\t\t\t\tMission\t\t\t<\/span>\n\t\t<\/button>\n\t\t\t\t<button id=\"e-n-tab-title-2333179953\" data-tab-title-id=\"e-n-tab-title-2333179953\" class=\"e-n-tab-title\" aria-selected=\"false\" data-tab-index=\"3\" role=\"tab\" tabindex=\"-1\" aria-controls=\"e-n-tab-content-2333179953\" style=\"--n-tabs-title-order: 3;\">\n\t\t\t\t\t\t<span class=\"e-n-tab-title-text\">\n\t\t\t\tOrganisation\t\t\t<\/span>\n\t\t<\/button>\n\t\t\t\t<button id=\"e-n-tab-title-2333179954\" data-tab-title-id=\"e-n-tab-title-2333179954\" class=\"e-n-tab-title\" aria-selected=\"false\" data-tab-index=\"4\" role=\"tab\" tabindex=\"-1\" aria-controls=\"e-n-tab-content-2333179954\" style=\"--n-tabs-title-order: 4;\">\n\t\t\t\t\t\t<span class=\"e-n-tab-title-text\">\n\t\t\t\tDocumentation\t\t\t<\/span>\n\t\t<\/button>\n\t\t\t\t\t<\/div>\n\t\t\t<div class=\"e-n-tabs-content\">\n\t\t\t\t<div id=\"e-n-tab-content-2333179951\" role=\"tabpanel\" aria-labelledby=\"e-n-tab-title-2333179951\" data-tab-index=\"1\" style=\"--n-tabs-title-order: 1;\" class=\"e-active elementor-element elementor-element-88a8ac5 e-con-full e-flex e-con e-child\" data-id=\"88a8ac5\" data-element_type=\"container\" data-e-type=\"container\">\n\t\t\t\t<div class=\"elementor-element elementor-element-ff0ca23 elementor-widget elementor-widget-heading\" data-id=\"ff0ca23\" data-element_type=\"widget\" data-e-type=\"widget\" data-widget_type=\"heading.default\">\n\t\t\t\t\t<h2 class=\"elementor-heading-title elementor-size-default\">Pr\u00e9sentation du CNTS<\/h2>\t\t\t\t<\/div>\n\t\t\t\t<div class=\"elementor-element elementor-element-9d6181a elementor-widget elementor-widget-text-editor\" data-id=\"9d6181a\" data-element_type=\"widget\" data-e-type=\"widget\" data-widget_type=\"text-editor.default\">\n\t\t\t\t\t\t\t\t\t<p>Le Centre National de Transfusion Sanguine en abr\u00e9g\u00e9 \u00ab CNTS \u00bb ci-apr\u00e8s d\u00e9nomm\u00e9 \u00ab LE CENTRE \u00bb \u00e9rig\u00e9 en est une administration personnalis\u00e9e de l\u2019Etat par d\u00e9cret n\u00b0 100\/073 du 28 Avril 1993 est un service public dot\u00e9 d\u2019une personnalit\u00e9 juridique d\u2019un patrimoine propre et d\u2019une autonomie de gestion.<\/p>\n<p>Il est plac\u00e9 sous l\u2019autorit\u00e9 hi\u00e9rarchique du Ministre ayant la Sant\u00e9 Publique dans ses attributions.<\/p>\n<p>Le si\u00e8ge du Centre National de Transfusion Sanguine est \u00e9tabli \u00e0 BUJUMBURA. Il peut \u00eatre transf\u00e9r\u00e9 en tout autre endroit du territoire national par d\u00e9cision du Minist\u00e8re de tutelle et apr\u00e8s avis du Conseil d\u2019Administration.\u00a0<\/p>\t\t\t\t\t\t\t\t<\/div>\n\t\t\t\t<\/div>\n\t\t<div id=\"e-n-tab-content-2333179952\" role=\"tabpanel\" aria-labelledby=\"e-n-tab-title-2333179952\" data-tab-index=\"2\" style=\"--n-tabs-title-order: 2;\" class=\" elementor-element elementor-element-0aca4cb e-con-full e-flex e-con e-child\" data-id=\"0aca4cb\" data-element_type=\"container\" data-e-type=\"container\">\n\t\t\t\t<div class=\"elementor-element elementor-element-2d56426 elementor-widget elementor-widget-heading\" data-id=\"2d56426\" data-element_type=\"widget\" data-e-type=\"widget\" data-widget_type=\"heading.default\">\n\t\t\t\t\t<h2 class=\"elementor-heading-title elementor-size-default\">Mission du CNTS<\/h2>\t\t\t\t<\/div>\n\t\t\t\t<div class=\"elementor-element elementor-element-cc54ddf elementor-widget elementor-widget-text-editor\" data-id=\"cc54ddf\" data-element_type=\"widget\" data-e-type=\"widget\" data-widget_type=\"text-editor.default\">\n\t\t\t\t\t\t\t\t\t<p>Le Centre a pour mission g\u00e9n\u00e9rale d\u2019organiser la transfusion Sanguine, d\u2019instaurer le syst\u00e8me d\u2019assurance qualit\u00e9, d\u2019assurer le contr\u00f4le de qualit\u00e9 et de veiller \u00e0 la s\u00e9curit\u00e9 des produits sanguins et leurs d\u00e9riv\u00e9s.<\/p>\n<p><!-- \/wp:paragraph --><!-- wp:paragraph --><\/p>\n<p>Son mandat sp\u00e9cifique est notamment de :<\/p>\n<ul>\n<li>Faire appliquer les normes de qualit\u00e9 en mati\u00e8re de transfusion sanguine ;<\/li>\n<li>Organiser la collecte et la distribution du sang et ses d\u00e9riv\u00e9s sur le territoire national;<\/li>\n<li>Appuyer techniquement les services hospitaliers de transfusion en assurant la formation et le perfectionnement de leur personnel.<\/li>\n<\/ul>\t\t\t\t\t\t\t\t<\/div>\n\t\t\t\t<\/div>\n\t\t<div id=\"e-n-tab-content-2333179953\" role=\"tabpanel\" aria-labelledby=\"e-n-tab-title-2333179953\" data-tab-index=\"3\" style=\"--n-tabs-title-order: 3;\" class=\" elementor-element elementor-element-85e4600 e-con-full e-flex e-con e-child\" data-id=\"85e4600\" data-element_type=\"container\" data-e-type=\"container\">\n\t\t\t\t<div class=\"elementor-element elementor-element-5326faf elementor-widget elementor-widget-heading\" data-id=\"5326faf\" data-element_type=\"widget\" data-e-type=\"widget\" data-widget_type=\"heading.default\">\n\t\t\t\t\t<h2 class=\"elementor-heading-title elementor-size-default\">Organisation du CNTS<\/h2>\t\t\t\t<\/div>\n\t\t\t\t<div class=\"elementor-element elementor-element-55bcde2 elementor-widget elementor-widget-text-editor\" data-id=\"55bcde2\" data-element_type=\"widget\" data-e-type=\"widget\" data-widget_type=\"text-editor.default\">\n\t\t\t\t\t\t\t\t\t<p>Le Centre est relay\u00e9 par les Centres R\u00e9gionaux de Transfusion Sanguine en abr\u00e9g\u00e9 \u00ab CRTS \u00bb. Les CRTS sont sous le contr\u00f4le administratif, financier et Technique de la Direction du Centre.<\/p>\t\t\t\t\t\t\t\t<\/div>\n\t\t\t\t<\/div>\n\t\t<div id=\"e-n-tab-content-2333179954\" role=\"tabpanel\" aria-labelledby=\"e-n-tab-title-2333179954\" data-tab-index=\"4\" style=\"--n-tabs-title-order: 4;\" class=\" elementor-element elementor-element-50da3fc e-flex e-con-boxed e-con e-child\" data-id=\"50da3fc\" data-element_type=\"container\" data-e-type=\"container\">\n\t\t\t\t\t<div class=\"e-con-inner\">\n\t\t\t\t\t<\/div>\n\t\t\t\t<\/div>\n\t\t\t\t\t<\/div>\n\t\t<\/div>\n\t\t\t\t\t\t<\/div>\n\t\t\t\t\t<\/div>\n\t\t\t\t<\/div>\n\t\t\t\t<\/div>\n\t\t","protected":false},"excerpt":{"rendered":"<p>Pr\u00e9sentation Mission Organisation Documentation Pr\u00e9sentation du CNTS Le Centre National de Transfusion Sanguine en abr\u00e9g\u00e9 \u00ab CNTS \u00bb ci-apr\u00e8s d\u00e9nomm\u00e9 \u00ab LE CENTRE \u00bb \u00e9rig\u00e9 en est une administration personnalis\u00e9e de l\u2019Etat par d\u00e9cret n\u00b0 100\/073 du 28 Avril 1993 est un service public dot\u00e9 d\u2019une personnalit\u00e9 juridique d\u2019un patrimoine propre et d\u2019une autonomie de [&hellip;]<\/p>\n","protected":false},"author":1,"featured_media":0,"parent":2385,"menu_order":2,"comment_status":"closed","ping_status":"closed","template":"","meta":{"site-sidebar-layout":"default","site-content-layout":"","ast-site-content-layout":"default","site-content-style":"default","site-sidebar-style":"default","ast-global-header-display":"","ast-banner-title-visibility":"","ast-main-header-display":"","ast-hfb-above-header-display":"","ast-hfb-below-header-display":"","ast-hfb-mobile-header-display":"","site-post-title":"","ast-breadcrumbs-content":"","ast-featured-img":"","footer-sml-layout":"","ast-disable-related-posts":"","theme-transparent-header-meta":"default","adv-header-id-meta":"","stick-header-meta":"","header-above-stick-meta":"","header-main-stick-meta":"","header-below-stick-meta":"","astra-migrate-meta-layouts":"set","ast-page-background-enabled":"default","ast-page-background-meta":{"desktop":{"background-color":"var(--ast-global-color-5)","background-image":"","background-repeat":"repeat","background-position":"center center","background-size":"auto","background-attachment":"scroll","background-type":"","background-media":"","overlay-type":"","overlay-color":"","overlay-opacity":"","overlay-gradient":""},"tablet":{"background-color":"","background-image":"","background-repeat":"repeat","background-position":"center center","background-size":"auto","background-attachment":"scroll","background-type":"","background-media":"","overlay-type":"","overlay-color":"","overlay-opacity":"","overlay-gradient":""},"mobile":{"background-color":"","background-image":"","background-repeat":"repeat","background-position":"center center","background-size":"auto","background-attachment":"scroll","background-type":"","background-media":"","overlay-type":"","overlay-color":"","overlay-opacity":"","overlay-gradient":""}},"ast-content-background-meta":{"desktop":{"background-color":"var(--ast-global-color-4)","background-image":"","background-repeat":"repeat","background-position":"center center","background-size":"auto","background-attachment":"scroll","background-type":"","background-media":"","overlay-type":"","overlay-color":"","overlay-opacity":"","overlay-gradient":""},"tablet":{"background-color":"var(--ast-global-color-4)","background-image":"","background-repeat":"repeat","background-position":"center center","background-size":"auto","background-attachment":"scroll","background-type":"","background-media":"","overlay-type":"","overlay-color":"","overlay-opacity":"","overlay-gradient":""},"mobile":{"background-color":"var(--ast-global-color-4)","background-image":"","background-repeat":"repeat","background-position":"center center","background-size":"auto","background-attachment":"scroll","background-type":"","background-media":"","overlay-type":"","overlay-color":"","overlay-opacity":"","overlay-gradient":""}},"footnotes":""},"class_list":["post-84","page","type-page","status-publish","hentry"],"_links":{"self":[{"href":"https:\/\/minisante.gov.bi\/index.php?rest_route=\/wp\/v2\/pages\/84","targetHints":{"allow":["GET"]}}],"collection":[{"href":"https:\/\/minisante.gov.bi\/index.php?rest_route=\/wp\/v2\/pages"}],"about":[{"href":"https:\/\/minisante.gov.bi\/index.php?rest_route=\/wp\/v2\/types\/page"}],"author":[{"embeddable":true,"href":"https:\/\/minisante.gov.bi\/index.php?rest_route=\/wp\/v2\/users\/1"}],"replies":[{"embeddable":true,"href":"https:\/\/minisante.gov.bi\/index.php?rest_route=%2Fwp%2Fv2%2Fcomments&post=84"}],"version-history":[{"count":35,"href":"https:\/\/minisante.gov.bi\/index.php?rest_route=\/wp\/v2\/pages\/84\/revisions"}],"predecessor-version":[{"id":2549,"href":"https:\/\/minisante.gov.bi\/index.php?rest_route=\/wp\/v2\/pages\/84\/revisions\/2549"}],"up":[{"embeddable":true,"href":"https:\/\/minisante.gov.bi\/index.php?rest_route=\/wp\/v2\/pages\/2385"}],"wp:attachment":[{"href":"https:\/\/minisante.gov.bi\/index.php?rest_route=%2Fwp%2Fv2%2Fmedia&parent=84"}],"curies":[{"name":"wp","href":"https:\/\/api.w.org\/{rel}","templated":true}]}}